{"id":4887,"date":"2023-11-07T18:53:11","date_gmt":"2023-11-07T18:53:11","guid":{"rendered":"https:\/\/mandinus.hr\/yacht-verwaltungsdienste\/"},"modified":"2023-12-05T09:34:44","modified_gmt":"2023-12-05T09:34:44","slug":"yacht-verwaltungsdienste","status":"publish","type":"page","link":"https:\/\/mandinus.hr\/de\/yacht-verwaltungsdienste\/","title":{"rendered":"Yacht Verwaltungsdienste"},"content":{"rendered":"\t\t<div data-elementor-type=\"wp-page\" data-elementor-id=\"4887\" class=\"elementor elementor-4887 elementor-4538\" data-elementor-post-type=\"page\">\n\t\t\t\t\t\t<section class=\"elementor-section elementor-top-section elementor-element elementor-element-8a4f4c3 elementor-section-boxed elementor-section-height-default elementor-section-height-default\" data-id=\"8a4f4c3\" data-element_type=\"section\" data-e-type=\"section\">\n\t\t\t\t\t\t<div class=\"elementor-container elementor-column-gap-default\">\n\t\t\t\t\t<div class=\"elementor-column elementor-col-50 elementor-top-column elementor-element elementor-element-f8b83f1 cont-col\" data-id=\"f8b83f1\" data-element_type=\"column\" data-e-type=\"column\">\n\t\t\t<div class=\"elementor-widget-wrap elementor-element-populated\">\n\t\t\t\t\t\t<div class=\"elementor-element elementor-element-9f6a978 aleft elementor-widget elementor-widget-wgl-double-heading\" data-id=\"9f6a978\" data-element_type=\"widget\" data-e-type=\"widget\" data-widget_type=\"wgl-double-heading.default\">\n\t\t\t\t<div class=\"elementor-widget-container\">\n\t\t\t\t\t<div class=\"wgl-double-heading\"><h3 class=\"dblh__title-wrapper\"><span class=\"dblh__title dblh__title-1\">Alles was Sie brauchen<\/span><\/h3><div class=\"dblh__content\"><div class=\"flex flex-grow flex-col gap-3\">\n<div class=\"min-h-[20px] flex flex-col items-start gap-4 whitespace-pre-wrap break-words\">\n<div class=\"markdown prose w-full break-words dark:prose-invert dark\">\n<p><span><br \/>\nDiese Dienstleistungen umfassen die Verwaltung und Wartung der Yacht, oder eines Schiffes unserer Kunden, w\u00e4hrend diese nicht vor Ort sind. Somit sind sie \u201eschl\u00fcsselfertig\u201c, wenn das Schiff wieder genutzt werden soll. Je nach Schiff und den Bed\u00fcrfnissen des Kunden werden diese Dienste t\u00e4glich, w\u00f6chentlich oder monatlich durchgef\u00fchrt. Diese Dienste werden nur von qualifiziertem Personal durchgef\u00fchrt, welches die F\u00e4higkeiten, Ausbildung und Schulung besitzt, um diese Dienste auszuf\u00fchren. Regelm\u00e4\u00dfige Berichts- und Wartungspl\u00e4ne werden gesendet, um den Kunden st\u00e4ndig \u00fcber den Zustand und Aufgaben am Schiff auf dem Laufenden zu halten. Dieser Dienst ist bei abwesenden oder saisonalen Kunden sehr beliebt.<\/span><\/p>\n<\/div>\n<\/div>\n<\/div>\n<\/div><\/div>\t\t\t\t<\/div>\n\t\t\t\t<\/div>\n\t\t\t\t<div class=\"elementor-element elementor-element-963df36 aleft elementor-widget elementor-widget-wgl-double-heading\" data-id=\"963df36\" data-element_type=\"widget\" data-e-type=\"widget\" data-widget_type=\"wgl-double-heading.default\">\n\t\t\t\t<div class=\"elementor-widget-container\">\n\t\t\t\t\t<div class=\"wgl-double-heading\"><h3 class=\"dblh__title-wrapper\"><span class=\"dblh__title dblh__title-1\">ERLAUBNIS \/ PERMIT \/ VIGNETTE IN KROATIEN<\/span><\/h3><div class=\"dblh__content\"><div class=\"flex flex-grow flex-col gap-3\">\n<div class=\"min-h-[20px] flex flex-col items-start gap-4 whitespace-pre-wrap break-words\">\n<div class=\"markdown prose w-full break-words dark:prose-invert dark\">\n<p class=\"has-text-align-left\">Um in kroatischen Gew\u00e4ssern zu segeln, m\u00fcssen Sie eine Jahresgenehmigung, eine Vignette oder (wie es jetzt hei\u00dft) eine \u201cAnkunftsmeldung f\u00fcr Yachten oder Boote in den Hoheitsgew\u00e4ssern der Republik Kroatien\u201d bei der Hafenmeisterei kaufen. Diese erlaubt es Ihnen, ein Jahr lang in den kroatischen Hoheitsgew\u00e4ssern zu segeln.<\/p>\n<p class=\"wp-block-heading\"><a href=\"https:\/\/www.mandinus.hr\/de\/online-bootsanmeldung-kroatien-vignette-permit\/\">Mehr informationen<\/a><\/p>\n<\/div>\n<\/div>\n<\/div>\n<\/div><\/div>\t\t\t\t<\/div>\n\t\t\t\t<\/div>\n\t\t\t\t<div class=\"elementor-element elementor-element-4732ec1 elementor-widget__width-initial elementor-widget-tablet__width-inherit divider-yes aleft elementor-widget elementor-widget-wgl-double-heading\" data-id=\"4732ec1\" data-element_type=\"widget\" data-e-type=\"widget\" data-widget_type=\"wgl-double-heading.default\">\n\t\t\t\t<div class=\"elementor-widget-container\">\n\t\t\t\t\t<div class=\"wgl-double-heading\"><div class=\"dblh__subtitle\">Kontaktieren Sie uns<\/div><h3 class=\"dblh__title-wrapper\"><span class=\"dblh__title dblh__title-1\">Wir stehen zu Ihrer Verf\u00fcgung<\/span><\/h3><\/div>\t\t\t\t<\/div>\n\t\t\t\t<\/div>\n\t\t\t\t\t<\/div>\n\t\t<\/div>\n\t\t\t\t<div class=\"elementor-column elementor-col-50 elementor-top-column elementor-element elementor-element-32a5122 rev-col\" data-id=\"32a5122\" data-element_type=\"column\" data-e-type=\"column\">\n\t\t\t<div class=\"elementor-widget-wrap elementor-element-populated\">\n\t\t\t\t\t\t\t<\/div>\n\t\t<\/div>\n\t\t\t\t\t<\/div>\n\t\t<\/section>\n\t\t\t\t<\/div>\n\t\t","protected":false},"excerpt":{"rendered":"<p>Alles was Sie brauchen Diese Dienstleistungen umfassen die Verwaltung und Wartung der Yacht, oder eines Schiffes unserer Kunden, w\u00e4hrend diese nicht vor Ort sind. Somit sind sie \u201eschl\u00fcsselfertig\u201c, wenn das Schiff wieder genutzt werden soll. Je nach Schiff und den Bed\u00fcrfnissen des Kunden werden diese Dienste t\u00e4glich, w\u00f6chentlich oder monatlich durchgef\u00fchrt. Diese Dienste werden nur [&hellip;]<\/p>\n","protected":false},"author":1,"featured_media":0,"parent":0,"menu_order":0,"comment_status":"closed","ping_status":"closed","template":"","meta":{"footnotes":""},"class_list":["post-4887","page","type-page","status-publish","hentry"],"yoast_head":"<!-- This site is optimized with the Yoast SEO Premium plugin v21.7 (Yoast SEO v27.1.1) - https:\/\/yoast.com\/product\/yoast-seo-premium-wordpress\/ -->\n<title>Yacht Verwaltungsdienste - Mandinus<\/title>\n<meta name=\"robots\" content=\"index, follow, max-snippet:-1, max-image-preview:large, max-video-preview:-1\" \/>\n<link rel=\"canonical\" href=\"https:\/\/mandinus.hr\/de\/yacht-verwaltungsdienste\/\" \/>\n<meta property=\"og:locale\" content=\"de_DE\" \/>\n<meta property=\"og:type\" content=\"article\" \/>\n<meta property=\"og:title\" content=\"Yacht Verwaltungsdienste\" \/>\n<meta property=\"og:description\" content=\"Alles was Sie brauchen Diese Dienstleistungen umfassen die Verwaltung und Wartung der Yacht, oder eines Schiffes unserer Kunden, w\u00e4hrend diese nicht vor Ort sind. Somit sind sie \u201eschl\u00fcsselfertig\u201c, wenn das Schiff wieder genutzt werden soll. Je nach Schiff und den Bed\u00fcrfnissen des Kunden werden diese Dienste t\u00e4glich, w\u00f6chentlich oder monatlich durchgef\u00fchrt. Diese Dienste werden nur [&hellip;]\" \/>\n<meta property=\"og:url\" content=\"https:\/\/mandinus.hr\/de\/yacht-verwaltungsdienste\/\" \/>\n<meta property=\"og:site_name\" content=\"Mandinus\" \/>\n<meta property=\"article:publisher\" content=\"https:\/\/www.facebook.com\/groups\/navigareincroazia\" \/>\n<meta property=\"article:modified_time\" content=\"2023-12-05T09:34:44+00:00\" \/>\n<meta property=\"og:image\" content=\"https:\/\/lh3.googleusercontent.com\/a\/ACg8ocI2TDsoettCsI4CAk8tJESdx4NpjbpV_A_rX-EfJlJz=s120-c-rp-mo-br100\" \/>\n<meta name=\"twitter:card\" content=\"summary_large_image\" \/>\n<meta name=\"twitter:label1\" content=\"Gesch\u00e4tzte Lesezeit\" \/>\n\t<meta name=\"twitter:data1\" content=\"1\u00a0Minute\" \/>\n<script type=\"application\/ld+json\" class=\"yoast-schema-graph\">{\"@context\":\"https:\/\/schema.org\",\"@graph\":[{\"@type\":\"WebPage\",\"@id\":\"https:\/\/mandinus.hr\/de\/yacht-verwaltungsdienste\/\",\"url\":\"https:\/\/mandinus.hr\/de\/yacht-verwaltungsdienste\/\",\"name\":\"Yacht Verwaltungsdienste - Mandinus\",\"isPartOf\":{\"@id\":\"https:\/\/mandinus.hr\/#website\"},\"primaryImageOfPage\":{\"@id\":\"https:\/\/mandinus.hr\/de\/yacht-verwaltungsdienste\/#primaryimage\"},\"image\":{\"@id\":\"https:\/\/mandinus.hr\/de\/yacht-verwaltungsdienste\/#primaryimage\"},\"thumbnailUrl\":\"https:\/\/lh3.googleusercontent.com\/a\/ACg8ocI2TDsoettCsI4CAk8tJESdx4NpjbpV_A_rX-EfJlJz=s120-c-rp-mo-br100\",\"datePublished\":\"2023-11-07T18:53:11+00:00\",\"dateModified\":\"2023-12-05T09:34:44+00:00\",\"breadcrumb\":{\"@id\":\"https:\/\/mandinus.hr\/de\/yacht-verwaltungsdienste\/#breadcrumb\"},\"inLanguage\":\"de\",\"potentialAction\":[{\"@type\":\"ReadAction\",\"target\":[\"https:\/\/mandinus.hr\/de\/yacht-verwaltungsdienste\/\"]}]},{\"@type\":\"ImageObject\",\"inLanguage\":\"de\",\"@id\":\"https:\/\/mandinus.hr\/de\/yacht-verwaltungsdienste\/#primaryimage\",\"url\":\"https:\/\/lh3.googleusercontent.com\/a\/ACg8ocI2TDsoettCsI4CAk8tJESdx4NpjbpV_A_rX-EfJlJz=s120-c-rp-mo-br100\",\"contentUrl\":\"https:\/\/lh3.googleusercontent.com\/a\/ACg8ocI2TDsoettCsI4CAk8tJESdx4NpjbpV_A_rX-EfJlJz=s120-c-rp-mo-br100\"},{\"@type\":\"BreadcrumbList\",\"@id\":\"https:\/\/mandinus.hr\/de\/yacht-verwaltungsdienste\/#breadcrumb\",\"itemListElement\":[{\"@type\":\"ListItem\",\"position\":1,\"name\":\"Home\",\"item\":\"https:\/\/mandinus.hr\/\"},{\"@type\":\"ListItem\",\"position\":2,\"name\":\"Yacht Verwaltungsdienste\"}]},{\"@type\":\"WebSite\",\"@id\":\"https:\/\/mandinus.hr\/#website\",\"url\":\"https:\/\/mandinus.hr\/\",\"name\":\"Mandinus - Yacht Agency & Marine Survey\",\"description\":\"Yacht Agency &amp; Marine Survey\",\"publisher\":{\"@id\":\"https:\/\/mandinus.hr\/#organization\"},\"potentialAction\":[{\"@type\":\"SearchAction\",\"target\":{\"@type\":\"EntryPoint\",\"urlTemplate\":\"https:\/\/mandinus.hr\/?s={search_term_string}\"},\"query-input\":{\"@type\":\"PropertyValueSpecification\",\"valueRequired\":true,\"valueName\":\"search_term_string\"}}],\"inLanguage\":\"de\"},{\"@type\":\"Organization\",\"@id\":\"https:\/\/mandinus.hr\/#organization\",\"name\":\"Mandinus - Yacht Agency & Marine Survey\",\"url\":\"https:\/\/mandinus.hr\/\",\"logo\":{\"@type\":\"ImageObject\",\"inLanguage\":\"de\",\"@id\":\"https:\/\/mandinus.hr\/#\/schema\/logo\/image\/\",\"url\":\"https:\/\/mandinus.hr\/wp-content\/uploads\/2023\/10\/mandinus-plavi.webp\",\"contentUrl\":\"https:\/\/mandinus.hr\/wp-content\/uploads\/2023\/10\/mandinus-plavi.webp\",\"width\":1000,\"height\":562,\"caption\":\"Mandinus - Yacht Agency & Marine Survey\"},\"image\":{\"@id\":\"https:\/\/mandinus.hr\/#\/schema\/logo\/image\/\"},\"sameAs\":[\"https:\/\/www.facebook.com\/groups\/navigareincroazia\"]}]}<\/script>\n<!-- \/ Yoast SEO Premium plugin. -->","yoast_head_json":{"title":"Yacht Verwaltungsdienste - Mandinus","robots":{"index":"index","follow":"follow","max-snippet":"max-snippet:-1","max-image-preview":"max-image-preview:large","max-video-preview":"max-video-preview:-1"},"canonical":"https:\/\/mandinus.hr\/de\/yacht-verwaltungsdienste\/","og_locale":"de_DE","og_type":"article","og_title":"Yacht Verwaltungsdienste","og_description":"Alles was Sie brauchen Diese Dienstleistungen umfassen die Verwaltung und Wartung der Yacht, oder eines Schiffes unserer Kunden, w\u00e4hrend diese nicht vor Ort sind. Somit sind sie \u201eschl\u00fcsselfertig\u201c, wenn das Schiff wieder genutzt werden soll. Je nach Schiff und den Bed\u00fcrfnissen des Kunden werden diese Dienste t\u00e4glich, w\u00f6chentlich oder monatlich durchgef\u00fchrt. Diese Dienste werden nur [&hellip;]","og_url":"https:\/\/mandinus.hr\/de\/yacht-verwaltungsdienste\/","og_site_name":"Mandinus","article_publisher":"https:\/\/www.facebook.com\/groups\/navigareincroazia","article_modified_time":"2023-12-05T09:34:44+00:00","og_image":[{"url":"https:\/\/lh3.googleusercontent.com\/a\/ACg8ocI2TDsoettCsI4CAk8tJESdx4NpjbpV_A_rX-EfJlJz=s120-c-rp-mo-br100","type":"","width":"","height":""}],"twitter_card":"summary_large_image","twitter_misc":{"Gesch\u00e4tzte Lesezeit":"1\u00a0Minute"},"schema":{"@context":"https:\/\/schema.org","@graph":[{"@type":"WebPage","@id":"https:\/\/mandinus.hr\/de\/yacht-verwaltungsdienste\/","url":"https:\/\/mandinus.hr\/de\/yacht-verwaltungsdienste\/","name":"Yacht Verwaltungsdienste - Mandinus","isPartOf":{"@id":"https:\/\/mandinus.hr\/#website"},"primaryImageOfPage":{"@id":"https:\/\/mandinus.hr\/de\/yacht-verwaltungsdienste\/#primaryimage"},"image":{"@id":"https:\/\/mandinus.hr\/de\/yacht-verwaltungsdienste\/#primaryimage"},"thumbnailUrl":"https:\/\/lh3.googleusercontent.com\/a\/ACg8ocI2TDsoettCsI4CAk8tJESdx4NpjbpV_A_rX-EfJlJz=s120-c-rp-mo-br100","datePublished":"2023-11-07T18:53:11+00:00","dateModified":"2023-12-05T09:34:44+00:00","breadcrumb":{"@id":"https:\/\/mandinus.hr\/de\/yacht-verwaltungsdienste\/#breadcrumb"},"inLanguage":"de","potentialAction":[{"@type":"ReadAction","target":["https:\/\/mandinus.hr\/de\/yacht-verwaltungsdienste\/"]}]},{"@type":"ImageObject","inLanguage":"de","@id":"https:\/\/mandinus.hr\/de\/yacht-verwaltungsdienste\/#primaryimage","url":"https:\/\/lh3.googleusercontent.com\/a\/ACg8ocI2TDsoettCsI4CAk8tJESdx4NpjbpV_A_rX-EfJlJz=s120-c-rp-mo-br100","contentUrl":"https:\/\/lh3.googleusercontent.com\/a\/ACg8ocI2TDsoettCsI4CAk8tJESdx4NpjbpV_A_rX-EfJlJz=s120-c-rp-mo-br100"},{"@type":"BreadcrumbList","@id":"https:\/\/mandinus.hr\/de\/yacht-verwaltungsdienste\/#breadcrumb","itemListElement":[{"@type":"ListItem","position":1,"name":"Home","item":"https:\/\/mandinus.hr\/"},{"@type":"ListItem","position":2,"name":"Yacht Verwaltungsdienste"}]},{"@type":"WebSite","@id":"https:\/\/mandinus.hr\/#website","url":"https:\/\/mandinus.hr\/","name":"Mandinus - Yacht Agency & Marine Survey","description":"Yacht Agency &amp; Marine Survey","publisher":{"@id":"https:\/\/mandinus.hr\/#organization"},"potentialAction":[{"@type":"SearchAction","target":{"@type":"EntryPoint","urlTemplate":"https:\/\/mandinus.hr\/?s={search_term_string}"},"query-input":{"@type":"PropertyValueSpecification","valueRequired":true,"valueName":"search_term_string"}}],"inLanguage":"de"},{"@type":"Organization","@id":"https:\/\/mandinus.hr\/#organization","name":"Mandinus - Yacht Agency & Marine Survey","url":"https:\/\/mandinus.hr\/","logo":{"@type":"ImageObject","inLanguage":"de","@id":"https:\/\/mandinus.hr\/#\/schema\/logo\/image\/","url":"https:\/\/mandinus.hr\/wp-content\/uploads\/2023\/10\/mandinus-plavi.webp","contentUrl":"https:\/\/mandinus.hr\/wp-content\/uploads\/2023\/10\/mandinus-plavi.webp","width":1000,"height":562,"caption":"Mandinus - Yacht Agency & Marine Survey"},"image":{"@id":"https:\/\/mandinus.hr\/#\/schema\/logo\/image\/"},"sameAs":["https:\/\/www.facebook.com\/groups\/navigareincroazia"]}]}},"_links":{"self":[{"href":"https:\/\/mandinus.hr\/de\/wp-json\/wp\/v2\/pages\/4887","targetHints":{"allow":["GET"]}}],"collection":[{"href":"https:\/\/mandinus.hr\/de\/wp-json\/wp\/v2\/pages"}],"about":[{"href":"https:\/\/mandinus.hr\/de\/wp-json\/wp\/v2\/types\/page"}],"author":[{"embeddable":true,"href":"https:\/\/mandinus.hr\/de\/wp-json\/wp\/v2\/users\/1"}],"replies":[{"embeddable":true,"href":"https:\/\/mandinus.hr\/de\/wp-json\/wp\/v2\/comments?post=4887"}],"version-history":[{"count":0,"href":"https:\/\/mandinus.hr\/de\/wp-json\/wp\/v2\/pages\/4887\/revisions"}],"wp:attachment":[{"href":"https:\/\/mandinus.hr\/de\/wp-json\/wp\/v2\/media?parent=4887"}],"curies":[{"name":"wp","href":"https:\/\/api.w.org\/{rel}","templated":true}]}}