{"id":5548,"date":"2023-11-27T11:05:29","date_gmt":"2023-11-27T10:05:29","guid":{"rendered":"https:\/\/mandinus.hr\/korrosionsuntersuchung\/"},"modified":"2026-03-16T17:46:12","modified_gmt":"2026-03-16T16:46:12","slug":"korrosionsuntersuchung","status":"publish","type":"page","link":"https:\/\/mandinus.hr\/de\/korrosionsuntersuchung\/","title":{"rendered":"Korrosionsuntersuchung"},"content":{"rendered":"\t\t<div data-elementor-type=\"wp-page\" data-elementor-id=\"5548\" class=\"elementor elementor-5548 elementor-4757\" data-elementor-post-type=\"page\">\n\t\t\t\t\t\t<section class=\"elementor-section elementor-top-section elementor-element elementor-element-8a4f4c3 elementor-section-boxed elementor-section-height-default elementor-section-height-default\" data-id=\"8a4f4c3\" data-element_type=\"section\" data-e-type=\"section\">\n\t\t\t\t\t\t<div class=\"elementor-container elementor-column-gap-default\">\n\t\t\t\t\t<div class=\"elementor-column elementor-col-50 elementor-top-column elementor-element elementor-element-f8b83f1 cont-col\" data-id=\"f8b83f1\" data-element_type=\"column\" data-e-type=\"column\">\n\t\t\t<div class=\"elementor-widget-wrap elementor-element-populated\">\n\t\t\t\t\t\t<div class=\"elementor-element elementor-element-9f6a978 aleft elementor-widget elementor-widget-wgl-double-heading\" data-id=\"9f6a978\" data-element_type=\"widget\" data-e-type=\"widget\" data-widget_type=\"wgl-double-heading.default\">\n\t\t\t\t<div class=\"elementor-widget-container\">\n\t\t\t\t\t<div class=\"wgl-double-heading\"><div class=\"dblh__content\"><div class=\"flex flex-grow flex-col gap-3\">\n<div class=\"min-h-[20px] flex flex-col items-start gap-4 whitespace-pre-wrap break-words\">\n<div class=\"markdown prose w-full break-words dark:prose-invert dark\">\n<p>Es wird eine Analyse der Korrosionsuntersuchungen durchgef\u00fchrt, um festzustellen, ob die Unterwasser-Metallbeschl\u00e4ge des Schiffes durch die derzeit vorhandenen Anoden und Verbindungsschutzsysteme ausreichend vor galvanischer Korrosion gesch\u00fctzt sind. Mithilfe eines handels\u00fcblichen Korrosionsmessger\u00e4ts wird bei dieser Analyse auch auf Streustr\u00f6me (auch als Elektrolyse bezeichnet) gepr\u00fcft, die um das Schiff herum auftreten oder vom Schiff selbst ausgehen k\u00f6nnen. Es kann festgestellt werden, ob die Unterwasser-Metallbeschl\u00e4ge und -teile des Schiffes ordnungsgem\u00e4\u00df gesch\u00fctzt sind, frei erodieren oder \u00fcberm\u00e4\u00dfig gesch\u00fctzt sind. Alle mit dieser Umfrage verbundenen Tests sind nicht obstruktiv.<\/p>\n<p>Nach Abschluss dieser Tests kann ein schriftlicher Untersuchungsbericht vorgelegt werden, in dem die Ursache der Korrosion und empfohlene Reparaturen oder Modernisierungen beschrieben werden. Wir k\u00f6nnen Ratschl\u00e4ge f\u00fcr Korrosionsschutzausr\u00fcstung wie ausfallsichere galvanische Isolatoren, Rumpfpotentialmessger\u00e4te, Referenzelektroden und Propellerwellenb\u00fcrsten geben.<\/p>\n<\/div>\n<\/div>\n<\/div>\n<\/div><\/div>\t\t\t\t<\/div>\n\t\t\t\t<\/div>\n\t\t\t\t<div class=\"elementor-element elementor-element-0406636 elementor-widget elementor-widget-image\" data-id=\"0406636\" data-element_type=\"widget\" data-e-type=\"widget\" data-widget_type=\"image.default\">\n\t\t\t\t\t\t\t\t\t\t\t\t\t\t\t<img fetchpriority=\"high\" decoding=\"async\" width=\"1024\" height=\"768\" src=\"https:\/\/mandinus.hr\/wp-content\/uploads\/2023\/11\/zinc-galvanic-1024x768.webp\" class=\"attachment-large size-large wp-image-4764\" alt=\"\" srcset=\"https:\/\/mandinus.hr\/wp-content\/uploads\/2023\/11\/zinc-galvanic-1024x768.webp 1024w, https:\/\/mandinus.hr\/wp-content\/uploads\/2023\/11\/zinc-galvanic-300x225.webp 300w, https:\/\/mandinus.hr\/wp-content\/uploads\/2023\/11\/zinc-galvanic-768x576.webp 768w, https:\/\/mandinus.hr\/wp-content\/uploads\/2023\/11\/zinc-galvanic-1080x810.webp 1080w, https:\/\/mandinus.hr\/wp-content\/uploads\/2023\/11\/zinc-galvanic.webp 1200w\" sizes=\"(max-width: 1024px) 100vw, 1024px\" \/>\t\t\t\t\t\t\t\t\t\t\t\t\t\t\t<\/div>\n\t\t\t\t<div class=\"elementor-element elementor-element-4732ec1 elementor-widget__width-initial elementor-widget-tablet__width-inherit divider-yes aleft elementor-widget elementor-widget-wgl-double-heading\" data-id=\"4732ec1\" data-element_type=\"widget\" data-e-type=\"widget\" data-widget_type=\"wgl-double-heading.default\">\n\t\t\t\t<div class=\"elementor-widget-container\">\n\t\t\t\t\t<div class=\"wgl-double-heading\"><div class=\"dblh__subtitle\">Kontaktieren Sie uns<\/div><h3 class=\"dblh__title-wrapper\"><span class=\"dblh__title dblh__title-1\">Wir stehen zu Ihrer Verf\u00fcgung<\/span><\/h3><\/div>\t\t\t\t<\/div>\n\t\t\t\t<\/div>\n\t\t\t\t\t<\/div>\n\t\t<\/div>\n\t\t\t\t<div class=\"elementor-column elementor-col-50 elementor-top-column elementor-element elementor-element-32a5122 rev-col\" data-id=\"32a5122\" data-element_type=\"column\" data-e-type=\"column\">\n\t\t\t<div class=\"elementor-widget-wrap elementor-element-populated\">\n\t\t\t\t\t\t\t<\/div>\n\t\t<\/div>\n\t\t\t\t\t<\/div>\n\t\t<\/section>\n\t\t\t\t<\/div>\n\t\t","protected":false},"excerpt":{"rendered":"<p>Es wird eine Analyse der Korrosionsuntersuchungen durchgef\u00fchrt, um festzustellen, ob die Unterwasser-Metallbeschl\u00e4ge des Schiffes durch die derzeit vorhandenen Anoden und Verbindungsschutzsysteme ausreichend vor galvanischer Korrosion gesch\u00fctzt sind. Mithilfe eines handels\u00fcblichen Korrosionsmessger\u00e4ts wird bei dieser Analyse auch auf Streustr\u00f6me (auch als Elektrolyse bezeichnet) gepr\u00fcft, die um das Schiff herum auftreten oder vom Schiff selbst ausgehen k\u00f6nnen. [&hellip;]<\/p>\n","protected":false},"author":1,"featured_media":4760,"parent":0,"menu_order":0,"comment_status":"closed","ping_status":"closed","template":"","meta":{"footnotes":""},"class_list":["post-5548","page","type-page","status-publish","has-post-thumbnail","hentry"],"yoast_head":"<!-- This site is optimized with the Yoast SEO Premium plugin v21.7 (Yoast SEO v27.1.1) - https:\/\/yoast.com\/product\/yoast-seo-premium-wordpress\/ -->\n<title>Korrosionsuntersuchung - Mandinus<\/title>\n<meta name=\"robots\" content=\"index, follow, max-snippet:-1, max-image-preview:large, max-video-preview:-1\" \/>\n<link rel=\"canonical\" href=\"https:\/\/mandinus.hr\/de\/korrosionsuntersuchung\/\" \/>\n<meta property=\"og:locale\" content=\"de_DE\" \/>\n<meta property=\"og:type\" content=\"article\" \/>\n<meta property=\"og:title\" content=\"Korrosionsuntersuchung\" \/>\n<meta property=\"og:description\" content=\"Es wird eine Analyse der Korrosionsuntersuchungen durchgef\u00fchrt, um festzustellen, ob die Unterwasser-Metallbeschl\u00e4ge des Schiffes durch die derzeit vorhandenen Anoden und Verbindungsschutzsysteme ausreichend vor galvanischer Korrosion gesch\u00fctzt sind. Mithilfe eines handels\u00fcblichen Korrosionsmessger\u00e4ts wird bei dieser Analyse auch auf Streustr\u00f6me (auch als Elektrolyse bezeichnet) gepr\u00fcft, die um das Schiff herum auftreten oder vom Schiff selbst ausgehen k\u00f6nnen. [&hellip;]\" \/>\n<meta property=\"og:url\" content=\"https:\/\/mandinus.hr\/de\/korrosionsuntersuchung\/\" \/>\n<meta property=\"og:site_name\" content=\"Mandinus\" \/>\n<meta property=\"article:publisher\" content=\"https:\/\/www.facebook.com\/groups\/navigareincroazia\" \/>\n<meta property=\"article:modified_time\" content=\"2026-03-16T16:46:12+00:00\" \/>\n<meta property=\"og:image\" content=\"https:\/\/mandinus.hr\/wp-content\/uploads\/2023\/11\/propeler-galvanic.webp\" \/>\n\t<meta property=\"og:image:width\" content=\"1200\" \/>\n\t<meta property=\"og:image:height\" content=\"675\" \/>\n\t<meta property=\"og:image:type\" content=\"image\/webp\" \/>\n<meta name=\"twitter:card\" content=\"summary_large_image\" \/>\n<meta name=\"twitter:label1\" content=\"Gesch\u00e4tzte Lesezeit\" \/>\n\t<meta name=\"twitter:data1\" content=\"1\u00a0Minute\" \/>\n<script type=\"application\/ld+json\" class=\"yoast-schema-graph\">{\"@context\":\"https:\/\/schema.org\",\"@graph\":[{\"@type\":\"WebPage\",\"@id\":\"https:\/\/mandinus.hr\/de\/korrosionsuntersuchung\/\",\"url\":\"https:\/\/mandinus.hr\/de\/korrosionsuntersuchung\/\",\"name\":\"Korrosionsuntersuchung - Mandinus\",\"isPartOf\":{\"@id\":\"https:\/\/mandinus.hr\/#website\"},\"primaryImageOfPage\":{\"@id\":\"https:\/\/mandinus.hr\/de\/korrosionsuntersuchung\/#primaryimage\"},\"image\":{\"@id\":\"https:\/\/mandinus.hr\/de\/korrosionsuntersuchung\/#primaryimage\"},\"thumbnailUrl\":\"https:\/\/mandinus.hr\/wp-content\/uploads\/2023\/11\/propeler-galvanic.webp\",\"datePublished\":\"2023-11-27T10:05:29+00:00\",\"dateModified\":\"2026-03-16T16:46:12+00:00\",\"breadcrumb\":{\"@id\":\"https:\/\/mandinus.hr\/de\/korrosionsuntersuchung\/#breadcrumb\"},\"inLanguage\":\"de\",\"potentialAction\":[{\"@type\":\"ReadAction\",\"target\":[\"https:\/\/mandinus.hr\/de\/korrosionsuntersuchung\/\"]}]},{\"@type\":\"ImageObject\",\"inLanguage\":\"de\",\"@id\":\"https:\/\/mandinus.hr\/de\/korrosionsuntersuchung\/#primaryimage\",\"url\":\"https:\/\/mandinus.hr\/wp-content\/uploads\/2023\/11\/propeler-galvanic.webp\",\"contentUrl\":\"https:\/\/mandinus.hr\/wp-content\/uploads\/2023\/11\/propeler-galvanic.webp\",\"width\":1200,\"height\":675},{\"@type\":\"BreadcrumbList\",\"@id\":\"https:\/\/mandinus.hr\/de\/korrosionsuntersuchung\/#breadcrumb\",\"itemListElement\":[{\"@type\":\"ListItem\",\"position\":1,\"name\":\"Home\",\"item\":\"https:\/\/mandinus.hr\/\"},{\"@type\":\"ListItem\",\"position\":2,\"name\":\"Korrosionsuntersuchung\"}]},{\"@type\":\"WebSite\",\"@id\":\"https:\/\/mandinus.hr\/#website\",\"url\":\"https:\/\/mandinus.hr\/\",\"name\":\"Mandinus - Yacht Agency & Marine Survey\",\"description\":\"Yacht Agency &amp; Marine Survey\",\"publisher\":{\"@id\":\"https:\/\/mandinus.hr\/#organization\"},\"potentialAction\":[{\"@type\":\"SearchAction\",\"target\":{\"@type\":\"EntryPoint\",\"urlTemplate\":\"https:\/\/mandinus.hr\/?s={search_term_string}\"},\"query-input\":{\"@type\":\"PropertyValueSpecification\",\"valueRequired\":true,\"valueName\":\"search_term_string\"}}],\"inLanguage\":\"de\"},{\"@type\":\"Organization\",\"@id\":\"https:\/\/mandinus.hr\/#organization\",\"name\":\"Mandinus - Yacht Agency & Marine Survey\",\"url\":\"https:\/\/mandinus.hr\/\",\"logo\":{\"@type\":\"ImageObject\",\"inLanguage\":\"de\",\"@id\":\"https:\/\/mandinus.hr\/#\/schema\/logo\/image\/\",\"url\":\"https:\/\/mandinus.hr\/wp-content\/uploads\/2023\/10\/mandinus-plavi.webp\",\"contentUrl\":\"https:\/\/mandinus.hr\/wp-content\/uploads\/2023\/10\/mandinus-plavi.webp\",\"width\":1000,\"height\":562,\"caption\":\"Mandinus - Yacht Agency & Marine Survey\"},\"image\":{\"@id\":\"https:\/\/mandinus.hr\/#\/schema\/logo\/image\/\"},\"sameAs\":[\"https:\/\/www.facebook.com\/groups\/navigareincroazia\"]}]}<\/script>\n<!-- \/ Yoast SEO Premium plugin. -->","yoast_head_json":{"title":"Korrosionsuntersuchung - Mandinus","robots":{"index":"index","follow":"follow","max-snippet":"max-snippet:-1","max-image-preview":"max-image-preview:large","max-video-preview":"max-video-preview:-1"},"canonical":"https:\/\/mandinus.hr\/de\/korrosionsuntersuchung\/","og_locale":"de_DE","og_type":"article","og_title":"Korrosionsuntersuchung","og_description":"Es wird eine Analyse der Korrosionsuntersuchungen durchgef\u00fchrt, um festzustellen, ob die Unterwasser-Metallbeschl\u00e4ge des Schiffes durch die derzeit vorhandenen Anoden und Verbindungsschutzsysteme ausreichend vor galvanischer Korrosion gesch\u00fctzt sind. Mithilfe eines handels\u00fcblichen Korrosionsmessger\u00e4ts wird bei dieser Analyse auch auf Streustr\u00f6me (auch als Elektrolyse bezeichnet) gepr\u00fcft, die um das Schiff herum auftreten oder vom Schiff selbst ausgehen k\u00f6nnen. [&hellip;]","og_url":"https:\/\/mandinus.hr\/de\/korrosionsuntersuchung\/","og_site_name":"Mandinus","article_publisher":"https:\/\/www.facebook.com\/groups\/navigareincroazia","article_modified_time":"2026-03-16T16:46:12+00:00","og_image":[{"width":1200,"height":675,"url":"https:\/\/mandinus.hr\/wp-content\/uploads\/2023\/11\/propeler-galvanic.webp","type":"image\/webp"}],"twitter_card":"summary_large_image","twitter_misc":{"Gesch\u00e4tzte Lesezeit":"1\u00a0Minute"},"schema":{"@context":"https:\/\/schema.org","@graph":[{"@type":"WebPage","@id":"https:\/\/mandinus.hr\/de\/korrosionsuntersuchung\/","url":"https:\/\/mandinus.hr\/de\/korrosionsuntersuchung\/","name":"Korrosionsuntersuchung - Mandinus","isPartOf":{"@id":"https:\/\/mandinus.hr\/#website"},"primaryImageOfPage":{"@id":"https:\/\/mandinus.hr\/de\/korrosionsuntersuchung\/#primaryimage"},"image":{"@id":"https:\/\/mandinus.hr\/de\/korrosionsuntersuchung\/#primaryimage"},"thumbnailUrl":"https:\/\/mandinus.hr\/wp-content\/uploads\/2023\/11\/propeler-galvanic.webp","datePublished":"2023-11-27T10:05:29+00:00","dateModified":"2026-03-16T16:46:12+00:00","breadcrumb":{"@id":"https:\/\/mandinus.hr\/de\/korrosionsuntersuchung\/#breadcrumb"},"inLanguage":"de","potentialAction":[{"@type":"ReadAction","target":["https:\/\/mandinus.hr\/de\/korrosionsuntersuchung\/"]}]},{"@type":"ImageObject","inLanguage":"de","@id":"https:\/\/mandinus.hr\/de\/korrosionsuntersuchung\/#primaryimage","url":"https:\/\/mandinus.hr\/wp-content\/uploads\/2023\/11\/propeler-galvanic.webp","contentUrl":"https:\/\/mandinus.hr\/wp-content\/uploads\/2023\/11\/propeler-galvanic.webp","width":1200,"height":675},{"@type":"BreadcrumbList","@id":"https:\/\/mandinus.hr\/de\/korrosionsuntersuchung\/#breadcrumb","itemListElement":[{"@type":"ListItem","position":1,"name":"Home","item":"https:\/\/mandinus.hr\/"},{"@type":"ListItem","position":2,"name":"Korrosionsuntersuchung"}]},{"@type":"WebSite","@id":"https:\/\/mandinus.hr\/#website","url":"https:\/\/mandinus.hr\/","name":"Mandinus - Yacht Agency & Marine Survey","description":"Yacht Agency &amp; Marine Survey","publisher":{"@id":"https:\/\/mandinus.hr\/#organization"},"potentialAction":[{"@type":"SearchAction","target":{"@type":"EntryPoint","urlTemplate":"https:\/\/mandinus.hr\/?s={search_term_string}"},"query-input":{"@type":"PropertyValueSpecification","valueRequired":true,"valueName":"search_term_string"}}],"inLanguage":"de"},{"@type":"Organization","@id":"https:\/\/mandinus.hr\/#organization","name":"Mandinus - Yacht Agency & Marine Survey","url":"https:\/\/mandinus.hr\/","logo":{"@type":"ImageObject","inLanguage":"de","@id":"https:\/\/mandinus.hr\/#\/schema\/logo\/image\/","url":"https:\/\/mandinus.hr\/wp-content\/uploads\/2023\/10\/mandinus-plavi.webp","contentUrl":"https:\/\/mandinus.hr\/wp-content\/uploads\/2023\/10\/mandinus-plavi.webp","width":1000,"height":562,"caption":"Mandinus - Yacht Agency & Marine Survey"},"image":{"@id":"https:\/\/mandinus.hr\/#\/schema\/logo\/image\/"},"sameAs":["https:\/\/www.facebook.com\/groups\/navigareincroazia"]}]}},"_links":{"self":[{"href":"https:\/\/mandinus.hr\/de\/wp-json\/wp\/v2\/pages\/5548","targetHints":{"allow":["GET"]}}],"collection":[{"href":"https:\/\/mandinus.hr\/de\/wp-json\/wp\/v2\/pages"}],"about":[{"href":"https:\/\/mandinus.hr\/de\/wp-json\/wp\/v2\/types\/page"}],"author":[{"embeddable":true,"href":"https:\/\/mandinus.hr\/de\/wp-json\/wp\/v2\/users\/1"}],"replies":[{"embeddable":true,"href":"https:\/\/mandinus.hr\/de\/wp-json\/wp\/v2\/comments?post=5548"}],"version-history":[{"count":1,"href":"https:\/\/mandinus.hr\/de\/wp-json\/wp\/v2\/pages\/5548\/revisions"}],"predecessor-version":[{"id":11255,"href":"https:\/\/mandinus.hr\/de\/wp-json\/wp\/v2\/pages\/5548\/revisions\/11255"}],"wp:featuredmedia":[{"embeddable":true,"href":"https:\/\/mandinus.hr\/de\/wp-json\/wp\/v2\/media\/4760"}],"wp:attachment":[{"href":"https:\/\/mandinus.hr\/de\/wp-json\/wp\/v2\/media?parent=5548"}],"curies":[{"name":"wp","href":"https:\/\/api.w.org\/{rel}","templated":true}]}}