{"id":5689,"date":"2023-12-03T10:15:57","date_gmt":"2023-12-03T09:15:57","guid":{"rendered":"https:\/\/mandinus.hr\/erfahrungen-bootsanmeldung-kroatien-online\/"},"modified":"2026-01-20T19:41:54","modified_gmt":"2026-01-20T18:41:54","slug":"erfahrungen-bootsanmeldung-kroatien-online","status":"publish","type":"page","link":"https:\/\/mandinus.hr\/de\/erfahrungen-bootsanmeldung-kroatien-online\/","title":{"rendered":"Erfahrungen Bootsanmeldung Kroatien Online"},"content":{"rendered":"\t\t<div data-elementor-type=\"wp-page\" data-elementor-id=\"5689\" class=\"elementor elementor-5689 elementor-5621\" data-elementor-post-type=\"page\">\n\t\t\t\t\t\t<section class=\"elementor-section elementor-top-section elementor-element elementor-element-1eade5f9 elementor-section-boxed elementor-section-height-default elementor-section-height-default\" data-id=\"1eade5f9\" data-element_type=\"section\" data-e-type=\"section\">\n\t\t\t\t\t\t<div class=\"elementor-container elementor-column-gap-default\">\n\t\t\t\t\t<div class=\"elementor-column elementor-col-100 elementor-top-column elementor-element elementor-element-1f32193b\" data-id=\"1f32193b\" data-element_type=\"column\" data-e-type=\"column\">\n\t\t\t<div class=\"elementor-widget-wrap elementor-element-populated\">\n\t\t\t\t\t\t<div class=\"elementor-element elementor-element-ec32c3c elementor-widget elementor-widget-heading\" data-id=\"ec32c3c\" data-element_type=\"widget\" data-e-type=\"widget\" data-widget_type=\"heading.default\">\n\t\t\t\t\t<h2 class=\"elementor-heading-title elementor-size-default\">Bootsanmeldung Kroatien online Erfahrungen<\/h2>\t\t\t\t<\/div>\n\t\t\t\t<div class=\"elementor-element elementor-element-533565dc elementor-widget elementor-widget-text-editor\" data-id=\"533565dc\" data-element_type=\"widget\" data-e-type=\"widget\" data-widget_type=\"text-editor.default\">\n\t\t\t\t\t\t\t\t\t<p>Hier sind die Erfahrungen und Google-Rezensionen unserer Kunden zur Bootsanmeldung in Kroatien. Erfahren Sie mehr \u00fcber die unkomplizierte Prozedur und hilfreiche Tipps direkt von denen, die es bereits erlebt haben.<\/p><p>Lesen Sie hier authentische Google-Rezensionen unserer Kunden und gewinnen Sie so wertvolle Einblicke in die Bootsanmeldung in Kroatien aus erster Hand.<br \/>Die vollst\u00e4ndige Liste aller Bewertungen k\u00f6nnen Sie direkt auf Google \u00fcber folgenden <a href=\"https:\/\/maps.app.goo.gl\/YBPZuyXHHsv1hEKx9\" target=\"_blank\" rel=\"noopener\">LINK <\/a>einsehen.<\/p>\t\t\t\t\t\t\t\t<\/div>\n\t\t\t\t\t<\/div>\n\t\t<\/div>\n\t\t\t\t\t<\/div>\n\t\t<\/section>\n\t\t\t\t<section class=\"elementor-section elementor-top-section elementor-element elementor-element-fc3d230 elementor-section-boxed elementor-section-height-default elementor-section-height-default\" data-id=\"fc3d230\" data-element_type=\"section\" data-e-type=\"section\">\n\t\t\t\t\t\t<div class=\"elementor-container elementor-column-gap-default\">\n\t\t\t\t\t<div class=\"elementor-column elementor-col-100 elementor-top-column elementor-element elementor-element-719dfff\" data-id=\"719dfff\" data-element_type=\"column\" data-e-type=\"column\">\n\t\t\t<div class=\"elementor-widget-wrap elementor-element-populated\">\n\t\t\t\t\t\t<div class=\"elementor-element elementor-element-e5013a8 elementor-widget elementor-widget-trustindex-addon\" data-id=\"e5013a8\" data-element_type=\"widget\" data-e-type=\"widget\" data-widget_type=\"trustindex-addon.default\">\n\t\t\t\t<div class=\"elementor-widget-container\">\n\t\t\t\t\t<div>\n<script type=\"text\/javascript\" src=\"https:\/\/cdn.trustindex.io\/loader.js?37d850d627067251d1069ee562c\" defer=\"defer\" async=\"async\"><\/script>\n<\/div>\n\t\t\t\t<\/div>\n\t\t\t\t<\/div>\n\t\t\t\t\t<\/div>\n\t\t<\/div>\n\t\t\t\t\t<\/div>\n\t\t<\/section>\n\t\t\t\t<\/div>\n\t\t","protected":false},"excerpt":{"rendered":"<p>Bootsanmeldung Kroatien online Erfahrungen Hier sind die Erfahrungen und Google-Rezensionen unserer Kunden zur Bootsanmeldung in Kroatien. Erfahren Sie mehr \u00fcber die unkomplizierte Prozedur und hilfreiche Tipps direkt von denen, die es bereits erlebt haben. Lesen Sie hier authentische Google-Rezensionen unserer Kunden und gewinnen Sie so wertvolle Einblicke in die Bootsanmeldung in Kroatien aus erster Hand.Die [&hellip;]<\/p>\n","protected":false},"author":2,"featured_media":0,"parent":0,"menu_order":0,"comment_status":"closed","ping_status":"closed","template":"","meta":{"footnotes":""},"class_list":["post-5689","page","type-page","status-publish","hentry"],"yoast_head":"<!-- This site is optimized with the Yoast SEO Premium plugin v21.7 (Yoast SEO v27.1.1) - https:\/\/yoast.com\/product\/yoast-seo-premium-wordpress\/ -->\n<title>Erfahrungen Bootsanmeldung Kroatien Online - Mandinus<\/title>\n<meta name=\"description\" content=\"Erfahrungen und Google-Rezensionen unserer Kunden. Lesen Sie Erfahrungen zur Bootsanmeldung in Kroatien online.\" \/>\n<meta name=\"robots\" content=\"index, follow, max-snippet:-1, max-image-preview:large, max-video-preview:-1\" \/>\n<link rel=\"canonical\" href=\"https:\/\/mandinus.hr\/de\/erfahrungen-bootsanmeldung-kroatien-online\/\" \/>\n<meta property=\"og:locale\" content=\"de_DE\" \/>\n<meta property=\"og:type\" content=\"article\" \/>\n<meta property=\"og:title\" content=\"Erfahrungen Bootsanmeldung Kroatien Online\" \/>\n<meta property=\"og:description\" content=\"Erfahrungen und Google-Rezensionen unserer Kunden. Lesen Sie Erfahrungen zur Bootsanmeldung in Kroatien online.\" \/>\n<meta property=\"og:url\" content=\"https:\/\/mandinus.hr\/google-reviews\/\" \/>\n<meta property=\"og:site_name\" content=\"Mandinus\" \/>\n<meta property=\"article:publisher\" content=\"https:\/\/www.facebook.com\/groups\/navigareincroazia\" \/>\n<meta property=\"article:modified_time\" content=\"2026-01-20T18:41:54+00:00\" \/>\n<meta name=\"twitter:card\" content=\"summary_large_image\" \/>\n<meta name=\"twitter:label1\" content=\"Gesch\u00e4tzte Lesezeit\" \/>\n\t<meta name=\"twitter:data1\" content=\"324\u00a0Minuten\" \/>\n<script type=\"application\/ld+json\" class=\"yoast-schema-graph\">{\"@context\":\"https:\/\/schema.org\",\"@graph\":[{\"@type\":\"WebPage\",\"@id\":\"https:\/\/mandinus.hr\/google-reviews\/\",\"url\":\"https:\/\/mandinus.hr\/google-reviews\/\",\"name\":\"Erfahrungen Bootsanmeldung Kroatien Online - Mandinus\",\"isPartOf\":{\"@id\":\"https:\/\/mandinus.hr\/#website\"},\"datePublished\":\"2023-12-03T09:15:57+00:00\",\"dateModified\":\"2026-01-20T18:41:54+00:00\",\"description\":\"Erfahrungen und Google-Rezensionen unserer Kunden. Lesen Sie Erfahrungen zur Bootsanmeldung in Kroatien online.\",\"breadcrumb\":{\"@id\":\"https:\/\/mandinus.hr\/google-reviews\/#breadcrumb\"},\"inLanguage\":\"de\",\"potentialAction\":[{\"@type\":\"ReadAction\",\"target\":[\"https:\/\/mandinus.hr\/google-reviews\/\"]}]},{\"@type\":\"BreadcrumbList\",\"@id\":\"https:\/\/mandinus.hr\/google-reviews\/#breadcrumb\",\"itemListElement\":[{\"@type\":\"ListItem\",\"position\":1,\"name\":\"Home\",\"item\":\"https:\/\/mandinus.hr\/\"},{\"@type\":\"ListItem\",\"position\":2,\"name\":\"Erfahrungen Bootsanmeldung Kroatien Online\"}]},{\"@type\":\"WebSite\",\"@id\":\"https:\/\/mandinus.hr\/#website\",\"url\":\"https:\/\/mandinus.hr\/\",\"name\":\"Mandinus - Yacht Agency & Marine Survey\",\"description\":\"Yacht Agency &amp; Marine Survey\",\"publisher\":{\"@id\":\"https:\/\/mandinus.hr\/#organization\"},\"potentialAction\":[{\"@type\":\"SearchAction\",\"target\":{\"@type\":\"EntryPoint\",\"urlTemplate\":\"https:\/\/mandinus.hr\/?s={search_term_string}\"},\"query-input\":{\"@type\":\"PropertyValueSpecification\",\"valueRequired\":true,\"valueName\":\"search_term_string\"}}],\"inLanguage\":\"de\"},{\"@type\":\"Organization\",\"@id\":\"https:\/\/mandinus.hr\/#organization\",\"name\":\"Mandinus - Yacht Agency & Marine Survey\",\"url\":\"https:\/\/mandinus.hr\/\",\"logo\":{\"@type\":\"ImageObject\",\"inLanguage\":\"de\",\"@id\":\"https:\/\/mandinus.hr\/#\/schema\/logo\/image\/\",\"url\":\"https:\/\/mandinus.hr\/wp-content\/uploads\/2023\/10\/mandinus-plavi.webp\",\"contentUrl\":\"https:\/\/mandinus.hr\/wp-content\/uploads\/2023\/10\/mandinus-plavi.webp\",\"width\":1000,\"height\":562,\"caption\":\"Mandinus - Yacht Agency & Marine Survey\"},\"image\":{\"@id\":\"https:\/\/mandinus.hr\/#\/schema\/logo\/image\/\"},\"sameAs\":[\"https:\/\/www.facebook.com\/groups\/navigareincroazia\"]}]}<\/script>\n<!-- \/ Yoast SEO Premium plugin. -->","yoast_head_json":{"title":"Erfahrungen Bootsanmeldung Kroatien Online - Mandinus","description":"Erfahrungen und Google-Rezensionen unserer Kunden. Lesen Sie Erfahrungen zur Bootsanmeldung in Kroatien online.","robots":{"index":"index","follow":"follow","max-snippet":"max-snippet:-1","max-image-preview":"max-image-preview:large","max-video-preview":"max-video-preview:-1"},"canonical":"https:\/\/mandinus.hr\/de\/erfahrungen-bootsanmeldung-kroatien-online\/","og_locale":"de_DE","og_type":"article","og_title":"Erfahrungen Bootsanmeldung Kroatien Online","og_description":"Erfahrungen und Google-Rezensionen unserer Kunden. Lesen Sie Erfahrungen zur Bootsanmeldung in Kroatien online.","og_url":"https:\/\/mandinus.hr\/google-reviews\/","og_site_name":"Mandinus","article_publisher":"https:\/\/www.facebook.com\/groups\/navigareincroazia","article_modified_time":"2026-01-20T18:41:54+00:00","twitter_card":"summary_large_image","twitter_misc":{"Gesch\u00e4tzte Lesezeit":"324\u00a0Minuten"},"schema":{"@context":"https:\/\/schema.org","@graph":[{"@type":"WebPage","@id":"https:\/\/mandinus.hr\/google-reviews\/","url":"https:\/\/mandinus.hr\/google-reviews\/","name":"Erfahrungen Bootsanmeldung Kroatien Online - Mandinus","isPartOf":{"@id":"https:\/\/mandinus.hr\/#website"},"datePublished":"2023-12-03T09:15:57+00:00","dateModified":"2026-01-20T18:41:54+00:00","description":"Erfahrungen und Google-Rezensionen unserer Kunden. Lesen Sie Erfahrungen zur Bootsanmeldung in Kroatien online.","breadcrumb":{"@id":"https:\/\/mandinus.hr\/google-reviews\/#breadcrumb"},"inLanguage":"de","potentialAction":[{"@type":"ReadAction","target":["https:\/\/mandinus.hr\/google-reviews\/"]}]},{"@type":"BreadcrumbList","@id":"https:\/\/mandinus.hr\/google-reviews\/#breadcrumb","itemListElement":[{"@type":"ListItem","position":1,"name":"Home","item":"https:\/\/mandinus.hr\/"},{"@type":"ListItem","position":2,"name":"Erfahrungen Bootsanmeldung Kroatien Online"}]},{"@type":"WebSite","@id":"https:\/\/mandinus.hr\/#website","url":"https:\/\/mandinus.hr\/","name":"Mandinus - Yacht Agency & Marine Survey","description":"Yacht Agency &amp; Marine Survey","publisher":{"@id":"https:\/\/mandinus.hr\/#organization"},"potentialAction":[{"@type":"SearchAction","target":{"@type":"EntryPoint","urlTemplate":"https:\/\/mandinus.hr\/?s={search_term_string}"},"query-input":{"@type":"PropertyValueSpecification","valueRequired":true,"valueName":"search_term_string"}}],"inLanguage":"de"},{"@type":"Organization","@id":"https:\/\/mandinus.hr\/#organization","name":"Mandinus - Yacht Agency & Marine Survey","url":"https:\/\/mandinus.hr\/","logo":{"@type":"ImageObject","inLanguage":"de","@id":"https:\/\/mandinus.hr\/#\/schema\/logo\/image\/","url":"https:\/\/mandinus.hr\/wp-content\/uploads\/2023\/10\/mandinus-plavi.webp","contentUrl":"https:\/\/mandinus.hr\/wp-content\/uploads\/2023\/10\/mandinus-plavi.webp","width":1000,"height":562,"caption":"Mandinus - Yacht Agency & Marine Survey"},"image":{"@id":"https:\/\/mandinus.hr\/#\/schema\/logo\/image\/"},"sameAs":["https:\/\/www.facebook.com\/groups\/navigareincroazia"]}]}},"_links":{"self":[{"href":"https:\/\/mandinus.hr\/de\/wp-json\/wp\/v2\/pages\/5689","targetHints":{"allow":["GET"]}}],"collection":[{"href":"https:\/\/mandinus.hr\/de\/wp-json\/wp\/v2\/pages"}],"about":[{"href":"https:\/\/mandinus.hr\/de\/wp-json\/wp\/v2\/types\/page"}],"author":[{"embeddable":true,"href":"https:\/\/mandinus.hr\/de\/wp-json\/wp\/v2\/users\/2"}],"replies":[{"embeddable":true,"href":"https:\/\/mandinus.hr\/de\/wp-json\/wp\/v2\/comments?post=5689"}],"version-history":[{"count":3,"href":"https:\/\/mandinus.hr\/de\/wp-json\/wp\/v2\/pages\/5689\/revisions"}],"predecessor-version":[{"id":11053,"href":"https:\/\/mandinus.hr\/de\/wp-json\/wp\/v2\/pages\/5689\/revisions\/11053"}],"wp:attachment":[{"href":"https:\/\/mandinus.hr\/de\/wp-json\/wp\/v2\/media?parent=5689"}],"curies":[{"name":"wp","href":"https:\/\/api.w.org\/{rel}","templated":true}]}}