{"id":4860,"date":"2023-11-07T18:51:28","date_gmt":"2023-11-07T17:51:28","guid":{"rendered":"https:\/\/mandinus.hr\/test-di-umidita\/"},"modified":"2023-12-08T18:37:32","modified_gmt":"2023-12-08T18:37:32","slug":"test-di-umidita","status":"publish","type":"page","link":"https:\/\/mandinus.hr\/it\/test-di-umidita\/","title":{"rendered":"Test di umidit\u00e0"},"content":{"rendered":"\t\t<div data-elementor-type=\"wp-page\" data-elementor-id=\"4860\" class=\"elementor elementor-4860 elementor-4520\" data-elementor-post-type=\"page\">\n\t\t\t\t\t\t<section class=\"elementor-section elementor-top-section elementor-element elementor-element-8a4f4c3 elementor-section-boxed elementor-section-height-default elementor-section-height-default\" data-id=\"8a4f4c3\" data-element_type=\"section\" data-e-type=\"section\">\n\t\t\t\t\t\t<div class=\"elementor-container elementor-column-gap-default\">\n\t\t\t\t\t<div class=\"elementor-column elementor-col-50 elementor-top-column elementor-element elementor-element-f8b83f1 cont-col\" data-id=\"f8b83f1\" data-element_type=\"column\" data-e-type=\"column\">\n\t\t\t<div class=\"elementor-widget-wrap elementor-element-populated\">\n\t\t\t\t\t\t<div class=\"elementor-element elementor-element-9f6a978 aleft elementor-widget elementor-widget-wgl-double-heading\" data-id=\"9f6a978\" data-element_type=\"widget\" data-e-type=\"widget\" data-widget_type=\"wgl-double-heading.default\">\n\t\t\t\t<div class=\"elementor-widget-container\">\n\t\t\t\t\t<div class=\"wgl-double-heading\"><div class=\"dblh__content\"><p>Un misuratore di umidit\u00e0 non distruttivo viene utilizzato per determinare il contenuto di umidit\u00e0 nella laminazione della fibra di vetro e nel legno. Un test dell'umidit\u00e0 (ispezione) viene eseguito prima della stratificazione finale dopo la riparazione delle vesciche.<\/p>\n<p>Utilizziamo un misuratore di umidit\u00e0 marina Sovereign Quantum che \u00e8 il misuratore pi\u00f9 avanzato sul mercato e che \u00e8 specificamente progettato per rilevare letture di umidit\u00e0 sui laminati in vetroresina. L'azienda britannica Sovereign Chemicals ha una storia con periti di yacht e tecnici di osmosi di cantieri navali.<\/p>\n<\/div><\/div>\t\t\t\t<\/div>\n\t\t\t\t<\/div>\n\t\t\t\t<div class=\"elementor-element elementor-element-0406636 elementor-widget elementor-widget-image\" data-id=\"0406636\" data-element_type=\"widget\" data-e-type=\"widget\" data-widget_type=\"image.default\">\n\t\t\t\t\t\t\t\t\t\t\t\t\t\t\t<img fetchpriority=\"high\" decoding=\"async\" width=\"1024\" height=\"768\" src=\"https:\/\/mandinus.hr\/wp-content\/uploads\/2023\/11\/IMG_5346_resize-1024x768.webp\" class=\"attachment-large size-large wp-image-4531\" alt=\"\" srcset=\"https:\/\/mandinus.hr\/wp-content\/uploads\/2023\/11\/IMG_5346_resize-1024x768.webp 1024w, https:\/\/mandinus.hr\/wp-content\/uploads\/2023\/11\/IMG_5346_resize-300x225.webp 300w, https:\/\/mandinus.hr\/wp-content\/uploads\/2023\/11\/IMG_5346_resize-768x576.webp 768w, https:\/\/mandinus.hr\/wp-content\/uploads\/2023\/11\/IMG_5346_resize-1080x810.webp 1080w, https:\/\/mandinus.hr\/wp-content\/uploads\/2023\/11\/IMG_5346_resize.webp 1200w\" sizes=\"(max-width: 1024px) 100vw, 1024px\" \/>\t\t\t\t\t\t\t\t\t\t\t\t\t\t\t<\/div>\n\t\t\t\t<div class=\"elementor-element elementor-element-4732ec1 elementor-widget__width-initial elementor-widget-tablet__width-inherit divider-yes aleft elementor-widget elementor-widget-wgl-double-heading\" data-id=\"4732ec1\" data-element_type=\"widget\" data-e-type=\"widget\" data-widget_type=\"wgl-double-heading.default\">\n\t\t\t\t<div class=\"elementor-widget-container\">\n\t\t\t\t\t<div class=\"wgl-double-heading\"><div class=\"dblh__subtitle\">CONTATTACI<\/div><h3 class=\"dblh__title-wrapper\"><span class=\"dblh__title dblh__title-1\">Siamo a tua disposizione<\/span><\/h3><\/div>\t\t\t\t<\/div>\n\t\t\t\t<\/div>\n\t\t\t\t<div class=\"elementor-element elementor-element-08b4a2f mc elementor-widget elementor-widget-shortcode\" data-id=\"08b4a2f\" data-element_type=\"widget\" data-e-type=\"widget\" data-widget_type=\"shortcode.default\">\n\t\t\t\t\t\t\t<div class=\"elementor-shortcode\"><\/div>\n\t\t\t\t\t\t<\/div>\n\t\t\t\t\t<\/div>\n\t\t<\/div>\n\t\t\t\t<div class=\"elementor-column elementor-col-50 elementor-top-column elementor-element elementor-element-32a5122 rev-col\" data-id=\"32a5122\" data-element_type=\"column\" data-e-type=\"column\">\n\t\t\t<div class=\"elementor-widget-wrap elementor-element-populated\">\n\t\t\t\t\t\t\t<\/div>\n\t\t<\/div>\n\t\t\t\t\t<\/div>\n\t\t<\/section>\n\t\t\t\t<\/div>\n\t\t","protected":false},"excerpt":{"rendered":"<p>Un misuratore di umidit\u00e0 non distruttivo viene utilizzato per determinare il contenuto di umidit\u00e0 nella laminazione della fibra di vetro e nel legno. Un test dell&#8217;umidit\u00e0 (ispezione) viene eseguito prima della stratificazione finale dopo la riparazione delle vesciche. Utilizziamo un misuratore di umidit\u00e0 marina Sovereign Quantum che \u00e8 il misuratore pi\u00f9 avanzato sul mercato e [&hellip;]<\/p>\n","protected":false},"author":1,"featured_media":0,"parent":0,"menu_order":0,"comment_status":"closed","ping_status":"closed","template":"","meta":{"footnotes":""},"class_list":["post-4860","page","type-page","status-publish","hentry"],"yoast_head":"<!-- This site is optimized with the Yoast SEO Premium plugin v21.7 (Yoast SEO v27.1.1) - https:\/\/yoast.com\/product\/yoast-seo-premium-wordpress\/ -->\n<title>Test di umidit\u00e0 - Mandinus<\/title>\n<meta name=\"robots\" content=\"index, follow, max-snippet:-1, max-image-preview:large, max-video-preview:-1\" \/>\n<link rel=\"canonical\" href=\"https:\/\/mandinus.hr\/it\/test-di-umidita\/\" \/>\n<meta property=\"og:locale\" content=\"it_IT\" \/>\n<meta property=\"og:type\" content=\"article\" \/>\n<meta property=\"og:title\" content=\"Test di umidit\u00e0\" \/>\n<meta property=\"og:description\" content=\"Un misuratore di umidit\u00e0 non distruttivo viene utilizzato per determinare il contenuto di umidit\u00e0 nella laminazione della fibra di vetro e nel legno. Un test dell&#8217;umidit\u00e0 (ispezione) viene eseguito prima della stratificazione finale dopo la riparazione delle vesciche. Utilizziamo un misuratore di umidit\u00e0 marina Sovereign Quantum che \u00e8 il misuratore pi\u00f9 avanzato sul mercato e [&hellip;]\" \/>\n<meta property=\"og:url\" content=\"https:\/\/mandinus.hr\/moisture-testing\/\" \/>\n<meta property=\"og:site_name\" content=\"Mandinus\" \/>\n<meta property=\"article:publisher\" content=\"https:\/\/www.facebook.com\/groups\/navigareincroazia\" \/>\n<meta property=\"article:modified_time\" content=\"2023-12-08T18:37:32+00:00\" \/>\n<meta property=\"og:image\" content=\"https:\/\/mandinus.hr\/wp-content\/uploads\/2023\/11\/IMG_5346_resize-1024x768.webp\" \/>\n<meta name=\"twitter:card\" content=\"summary_large_image\" \/>\n<meta name=\"twitter:label1\" content=\"Tempo di lettura stimato\" \/>\n\t<meta name=\"twitter:data1\" content=\"1 minuto\" \/>\n<script type=\"application\/ld+json\" class=\"yoast-schema-graph\">{\"@context\":\"https:\/\/schema.org\",\"@graph\":[{\"@type\":\"WebPage\",\"@id\":\"https:\/\/mandinus.hr\/moisture-testing\/\",\"url\":\"https:\/\/mandinus.hr\/moisture-testing\/\",\"name\":\"Test di umidit\u00e0 - Mandinus\",\"isPartOf\":{\"@id\":\"https:\/\/mandinus.hr\/#website\"},\"primaryImageOfPage\":{\"@id\":\"https:\/\/mandinus.hr\/moisture-testing\/#primaryimage\"},\"image\":{\"@id\":\"https:\/\/mandinus.hr\/moisture-testing\/#primaryimage\"},\"thumbnailUrl\":\"https:\/\/mandinus.hr\/wp-content\/uploads\/2023\/11\/IMG_5346_resize-1024x768.webp\",\"datePublished\":\"2023-11-07T17:51:28+00:00\",\"dateModified\":\"2023-12-08T18:37:32+00:00\",\"breadcrumb\":{\"@id\":\"https:\/\/mandinus.hr\/moisture-testing\/#breadcrumb\"},\"inLanguage\":\"it-IT\",\"potentialAction\":[{\"@type\":\"ReadAction\",\"target\":[\"https:\/\/mandinus.hr\/moisture-testing\/\"]}]},{\"@type\":\"ImageObject\",\"inLanguage\":\"it-IT\",\"@id\":\"https:\/\/mandinus.hr\/moisture-testing\/#primaryimage\",\"url\":\"https:\/\/mandinus.hr\/wp-content\/uploads\/2023\/11\/IMG_5346_resize-1024x768.webp\",\"contentUrl\":\"https:\/\/mandinus.hr\/wp-content\/uploads\/2023\/11\/IMG_5346_resize-1024x768.webp\"},{\"@type\":\"BreadcrumbList\",\"@id\":\"https:\/\/mandinus.hr\/moisture-testing\/#breadcrumb\",\"itemListElement\":[{\"@type\":\"ListItem\",\"position\":1,\"name\":\"Home\",\"item\":\"https:\/\/mandinus.hr\/\"},{\"@type\":\"ListItem\",\"position\":2,\"name\":\"Test di umidit\u00e0\"}]},{\"@type\":\"WebSite\",\"@id\":\"https:\/\/mandinus.hr\/#website\",\"url\":\"https:\/\/mandinus.hr\/\",\"name\":\"Mandinus - Yacht Agency & Marine Survey\",\"description\":\"Yacht Agency &amp; Marine Survey\",\"publisher\":{\"@id\":\"https:\/\/mandinus.hr\/#organization\"},\"potentialAction\":[{\"@type\":\"SearchAction\",\"target\":{\"@type\":\"EntryPoint\",\"urlTemplate\":\"https:\/\/mandinus.hr\/?s={search_term_string}\"},\"query-input\":{\"@type\":\"PropertyValueSpecification\",\"valueRequired\":true,\"valueName\":\"search_term_string\"}}],\"inLanguage\":\"it-IT\"},{\"@type\":\"Organization\",\"@id\":\"https:\/\/mandinus.hr\/#organization\",\"name\":\"Mandinus - Yacht Agency & Marine Survey\",\"url\":\"https:\/\/mandinus.hr\/\",\"logo\":{\"@type\":\"ImageObject\",\"inLanguage\":\"it-IT\",\"@id\":\"https:\/\/mandinus.hr\/#\/schema\/logo\/image\/\",\"url\":\"https:\/\/mandinus.hr\/wp-content\/uploads\/2023\/10\/mandinus-plavi.webp\",\"contentUrl\":\"https:\/\/mandinus.hr\/wp-content\/uploads\/2023\/10\/mandinus-plavi.webp\",\"width\":1000,\"height\":562,\"caption\":\"Mandinus - Yacht Agency & Marine Survey\"},\"image\":{\"@id\":\"https:\/\/mandinus.hr\/#\/schema\/logo\/image\/\"},\"sameAs\":[\"https:\/\/www.facebook.com\/groups\/navigareincroazia\"]}]}<\/script>\n<!-- \/ Yoast SEO Premium plugin. -->","yoast_head_json":{"title":"Test di umidit\u00e0 - Mandinus","robots":{"index":"index","follow":"follow","max-snippet":"max-snippet:-1","max-image-preview":"max-image-preview:large","max-video-preview":"max-video-preview:-1"},"canonical":"https:\/\/mandinus.hr\/it\/test-di-umidita\/","og_locale":"it_IT","og_type":"article","og_title":"Test di umidit\u00e0","og_description":"Un misuratore di umidit\u00e0 non distruttivo viene utilizzato per determinare il contenuto di umidit\u00e0 nella laminazione della fibra di vetro e nel legno. Un test dell&#8217;umidit\u00e0 (ispezione) viene eseguito prima della stratificazione finale dopo la riparazione delle vesciche. Utilizziamo un misuratore di umidit\u00e0 marina Sovereign Quantum che \u00e8 il misuratore pi\u00f9 avanzato sul mercato e [&hellip;]","og_url":"https:\/\/mandinus.hr\/moisture-testing\/","og_site_name":"Mandinus","article_publisher":"https:\/\/www.facebook.com\/groups\/navigareincroazia","article_modified_time":"2023-12-08T18:37:32+00:00","og_image":[{"url":"https:\/\/mandinus.hr\/wp-content\/uploads\/2023\/11\/IMG_5346_resize-1024x768.webp","type":"","width":"","height":""}],"twitter_card":"summary_large_image","twitter_misc":{"Tempo di lettura stimato":"1 minuto"},"schema":{"@context":"https:\/\/schema.org","@graph":[{"@type":"WebPage","@id":"https:\/\/mandinus.hr\/moisture-testing\/","url":"https:\/\/mandinus.hr\/moisture-testing\/","name":"Test di umidit\u00e0 - Mandinus","isPartOf":{"@id":"https:\/\/mandinus.hr\/#website"},"primaryImageOfPage":{"@id":"https:\/\/mandinus.hr\/moisture-testing\/#primaryimage"},"image":{"@id":"https:\/\/mandinus.hr\/moisture-testing\/#primaryimage"},"thumbnailUrl":"https:\/\/mandinus.hr\/wp-content\/uploads\/2023\/11\/IMG_5346_resize-1024x768.webp","datePublished":"2023-11-07T17:51:28+00:00","dateModified":"2023-12-08T18:37:32+00:00","breadcrumb":{"@id":"https:\/\/mandinus.hr\/moisture-testing\/#breadcrumb"},"inLanguage":"it-IT","potentialAction":[{"@type":"ReadAction","target":["https:\/\/mandinus.hr\/moisture-testing\/"]}]},{"@type":"ImageObject","inLanguage":"it-IT","@id":"https:\/\/mandinus.hr\/moisture-testing\/#primaryimage","url":"https:\/\/mandinus.hr\/wp-content\/uploads\/2023\/11\/IMG_5346_resize-1024x768.webp","contentUrl":"https:\/\/mandinus.hr\/wp-content\/uploads\/2023\/11\/IMG_5346_resize-1024x768.webp"},{"@type":"BreadcrumbList","@id":"https:\/\/mandinus.hr\/moisture-testing\/#breadcrumb","itemListElement":[{"@type":"ListItem","position":1,"name":"Home","item":"https:\/\/mandinus.hr\/"},{"@type":"ListItem","position":2,"name":"Test di umidit\u00e0"}]},{"@type":"WebSite","@id":"https:\/\/mandinus.hr\/#website","url":"https:\/\/mandinus.hr\/","name":"Mandinus - Yacht Agency & Marine Survey","description":"Yacht Agency &amp; Marine Survey","publisher":{"@id":"https:\/\/mandinus.hr\/#organization"},"potentialAction":[{"@type":"SearchAction","target":{"@type":"EntryPoint","urlTemplate":"https:\/\/mandinus.hr\/?s={search_term_string}"},"query-input":{"@type":"PropertyValueSpecification","valueRequired":true,"valueName":"search_term_string"}}],"inLanguage":"it-IT"},{"@type":"Organization","@id":"https:\/\/mandinus.hr\/#organization","name":"Mandinus - Yacht Agency & Marine Survey","url":"https:\/\/mandinus.hr\/","logo":{"@type":"ImageObject","inLanguage":"it-IT","@id":"https:\/\/mandinus.hr\/#\/schema\/logo\/image\/","url":"https:\/\/mandinus.hr\/wp-content\/uploads\/2023\/10\/mandinus-plavi.webp","contentUrl":"https:\/\/mandinus.hr\/wp-content\/uploads\/2023\/10\/mandinus-plavi.webp","width":1000,"height":562,"caption":"Mandinus - Yacht Agency & Marine Survey"},"image":{"@id":"https:\/\/mandinus.hr\/#\/schema\/logo\/image\/"},"sameAs":["https:\/\/www.facebook.com\/groups\/navigareincroazia"]}]}},"_links":{"self":[{"href":"https:\/\/mandinus.hr\/it\/wp-json\/wp\/v2\/pages\/4860","targetHints":{"allow":["GET"]}}],"collection":[{"href":"https:\/\/mandinus.hr\/it\/wp-json\/wp\/v2\/pages"}],"about":[{"href":"https:\/\/mandinus.hr\/it\/wp-json\/wp\/v2\/types\/page"}],"author":[{"embeddable":true,"href":"https:\/\/mandinus.hr\/it\/wp-json\/wp\/v2\/users\/1"}],"replies":[{"embeddable":true,"href":"https:\/\/mandinus.hr\/it\/wp-json\/wp\/v2\/comments?post=4860"}],"version-history":[{"count":0,"href":"https:\/\/mandinus.hr\/it\/wp-json\/wp\/v2\/pages\/4860\/revisions"}],"wp:attachment":[{"href":"https:\/\/mandinus.hr\/it\/wp-json\/wp\/v2\/media?parent=4860"}],"curies":[{"name":"wp","href":"https:\/\/api.w.org\/{rel}","templated":true}]}}