{"id":5709,"date":"2023-11-07T18:50:30","date_gmt":"2023-11-07T17:50:30","guid":{"rendered":"https:\/\/mandinus.hr\/termografia\/"},"modified":"2023-12-05T10:40:01","modified_gmt":"2023-12-05T10:40:01","slug":"termografia","status":"publish","type":"page","link":"https:\/\/mandinus.hr\/it\/termografia\/","title":{"rendered":"Termografia"},"content":{"rendered":"\t\t<div data-elementor-type=\"wp-page\" data-elementor-id=\"5709\" class=\"elementor elementor-5709 elementor-4512\" data-elementor-post-type=\"page\">\n\t\t\t\t\t\t<section class=\"elementor-section elementor-top-section elementor-element elementor-element-8a4f4c3 elementor-section-boxed elementor-section-height-default elementor-section-height-default\" data-id=\"8a4f4c3\" data-element_type=\"section\" data-e-type=\"section\">\n\t\t\t\t\t\t<div class=\"elementor-container elementor-column-gap-default\">\n\t\t\t\t\t<div class=\"elementor-column elementor-col-50 elementor-top-column elementor-element elementor-element-f8b83f1 cont-col\" data-id=\"f8b83f1\" data-element_type=\"column\" data-e-type=\"column\">\n\t\t\t<div class=\"elementor-widget-wrap elementor-element-populated\">\n\t\t\t\t\t\t<div class=\"elementor-element elementor-element-9f6a978 aleft elementor-widget elementor-widget-wgl-double-heading\" data-id=\"9f6a978\" data-element_type=\"widget\" data-e-type=\"widget\" data-widget_type=\"wgl-double-heading.default\">\n\t\t\t\t<div class=\"elementor-widget-container\">\n\t\t\t\t\t<div class=\"wgl-double-heading\"><div class=\"dblh__content\"><p>La nostra azienda fornisce servizi autonomi di termografia, conduciamo termografia su imbarcazioni in composito (yacht da diporto e imbarcazioni piccole) in vetroresina rinforzata e su apparecchiature elettriche e rotanti.<\/p>\n<ul>\n<li>Motori di grandi imbarcazioni<\/li>\n<li>Motori di imbarcazioni e altri motori<\/li>\n<li>Trasportatori industriali<\/li>\n<li>Pompe di grandi dimensioni<\/li>\n<li>Macchinari industriali<\/li>\n<li>Altre attrezzature manifatturiere<\/li>\n<\/ul>\n<div class=\"flex flex-grow flex-col max-w-full\">\n<div class=\"min-h-[20px] text-message flex flex-col items-start gap-3 whitespace-pre-wrap break-words [.text-message+&amp;]:mt-5 overflow-x-auto\" data-message-author-role=\"assistant\" data-message-id=\"6778cd37-bc52-4ee5-b716-227d2906c0ec\">\n<div class=\"markdown prose w-full break-words dark:prose-invert dark\">\n<p>La rilevazione di fratture, ingresso di umidit\u00e0 e molti altri problemi \u00e8 vitale per determinare la reale condizione della vostra propriet\u00e0. Aree in cui la termografia si \u00e8 dimostrata estremamente efficace e importante:<\/p>\n<ul>\n<li>Marittimo \u2013 Navi commerciali, yacht e barche<\/li>\n<li>Impianti industriali e commerciali<\/li>\n<li>Attrezzature manifatturiere \u2013 Macchinari, motori, motori, pompe e trasportatori<\/li>\n<li>Case residenziali \u2013 Danni da muffa, danni da acqua e perdita di energia<\/li>\n<li>Difetti di costruzione<\/li>\n<li>Cablaggi elettrici difettosi<\/li>\n<li>Rilevamento di muffe, umidit\u00e0 e accumulo di condensa<\/li>\n<li>Tetti che perdono e tubazioni che perdono<\/li>\n<li>Condotte dell'aria e porte e finestre che perdono<\/li>\n<li>Isolamento insufficiente o danneggiato<\/li>\n<li>Topi, ratti, gatti<\/li>\n<\/ul>\n<div class=\"bg-black rounded-md\">\n<div class=\"flex items-center relative text-gray-200 bg-gray-800 dark:bg-token-surface-primary px-4 py-2 text-xs font-sans justify-between rounded-t-md\"><\/div>\n<\/div>\n<\/div>\n<\/div>\n<\/div>\n<\/div><\/div>\t\t\t\t<\/div>\n\t\t\t\t<\/div>\n\t\t\t\t<div class=\"elementor-element elementor-element-4732ec1 elementor-widget__width-initial elementor-widget-tablet__width-inherit divider-yes aleft elementor-widget elementor-widget-wgl-double-heading\" data-id=\"4732ec1\" data-element_type=\"widget\" data-e-type=\"widget\" data-widget_type=\"wgl-double-heading.default\">\n\t\t\t\t<div class=\"elementor-widget-container\">\n\t\t\t\t\t<div class=\"wgl-double-heading\"><div class=\"dblh__subtitle\">CONTATTACI<\/div><h3 class=\"dblh__title-wrapper\"><span class=\"dblh__title dblh__title-1\">Siamo a tua disposizione<\/span><\/h3><\/div>\t\t\t\t<\/div>\n\t\t\t\t<\/div>\n\t\t\t\t\t<\/div>\n\t\t<\/div>\n\t\t\t\t<div class=\"elementor-column elementor-col-50 elementor-top-column elementor-element elementor-element-32a5122 rev-col\" data-id=\"32a5122\" data-element_type=\"column\" data-e-type=\"column\">\n\t\t\t<div class=\"elementor-widget-wrap elementor-element-populated\">\n\t\t\t\t\t\t\t<\/div>\n\t\t<\/div>\n\t\t\t\t\t<\/div>\n\t\t<\/section>\n\t\t\t\t<\/div>\n\t\t","protected":false},"excerpt":{"rendered":"<p>La nostra azienda fornisce servizi autonomi di termografia, conduciamo termografia su imbarcazioni in composito (yacht da diporto e imbarcazioni piccole) in vetroresina rinforzata e su apparecchiature elettriche e rotanti. Motori di grandi imbarcazioni Motori di imbarcazioni e altri motori Trasportatori industriali Pompe di grandi dimensioni Macchinari industriali Altre attrezzature manifatturiere La rilevazione di fratture, ingresso [&hellip;]<\/p>\n","protected":false},"author":1,"featured_media":0,"parent":0,"menu_order":0,"comment_status":"closed","ping_status":"closed","template":"","meta":{"footnotes":""},"class_list":["post-5709","page","type-page","status-publish","hentry"],"yoast_head":"<!-- This site is optimized with the Yoast SEO Premium plugin v21.7 (Yoast SEO v27.1.1) - https:\/\/yoast.com\/product\/yoast-seo-premium-wordpress\/ -->\n<title>Termografia - Mandinus<\/title>\n<meta name=\"robots\" content=\"index, follow, max-snippet:-1, max-image-preview:large, max-video-preview:-1\" \/>\n<link rel=\"canonical\" href=\"https:\/\/mandinus.hr\/it\/termografia\/\" \/>\n<meta property=\"og:locale\" content=\"it_IT\" \/>\n<meta property=\"og:type\" content=\"article\" \/>\n<meta property=\"og:title\" content=\"Termografia\" \/>\n<meta property=\"og:description\" content=\"La nostra azienda fornisce servizi autonomi di termografia, conduciamo termografia su imbarcazioni in composito (yacht da diporto e imbarcazioni piccole) in vetroresina rinforzata e su apparecchiature elettriche e rotanti. Motori di grandi imbarcazioni Motori di imbarcazioni e altri motori Trasportatori industriali Pompe di grandi dimensioni Macchinari industriali Altre attrezzature manifatturiere La rilevazione di fratture, ingresso [&hellip;]\" \/>\n<meta property=\"og:url\" content=\"https:\/\/mandinus.hr\/thermal-imaging\/\" \/>\n<meta property=\"og:site_name\" content=\"Mandinus\" \/>\n<meta property=\"article:publisher\" content=\"https:\/\/www.facebook.com\/groups\/navigareincroazia\" \/>\n<meta property=\"article:modified_time\" content=\"2023-12-05T10:40:01+00:00\" \/>\n<meta property=\"og:image\" content=\"https:\/\/lh3.googleusercontent.com\/a\/ACg8ocJCHwibHvl3bjL7IyTfWmCzP8TMon6WM-vodQIX8HvI=s120-c-rp-mo-br100\" \/>\n<meta name=\"twitter:card\" content=\"summary_large_image\" \/>\n<meta name=\"twitter:label1\" content=\"Tempo di lettura stimato\" \/>\n\t<meta name=\"twitter:data1\" content=\"1 minuto\" \/>\n<script type=\"application\/ld+json\" class=\"yoast-schema-graph\">{\"@context\":\"https:\/\/schema.org\",\"@graph\":[{\"@type\":\"WebPage\",\"@id\":\"https:\/\/mandinus.hr\/thermal-imaging\/\",\"url\":\"https:\/\/mandinus.hr\/thermal-imaging\/\",\"name\":\"Termografia - Mandinus\",\"isPartOf\":{\"@id\":\"https:\/\/mandinus.hr\/#website\"},\"primaryImageOfPage\":{\"@id\":\"https:\/\/mandinus.hr\/thermal-imaging\/#primaryimage\"},\"image\":{\"@id\":\"https:\/\/mandinus.hr\/thermal-imaging\/#primaryimage\"},\"thumbnailUrl\":\"https:\/\/lh3.googleusercontent.com\/a\/ACg8ocJCHwibHvl3bjL7IyTfWmCzP8TMon6WM-vodQIX8HvI=s120-c-rp-mo-br100\",\"datePublished\":\"2023-11-07T17:50:30+00:00\",\"dateModified\":\"2023-12-05T10:40:01+00:00\",\"breadcrumb\":{\"@id\":\"https:\/\/mandinus.hr\/thermal-imaging\/#breadcrumb\"},\"inLanguage\":\"it-IT\",\"potentialAction\":[{\"@type\":\"ReadAction\",\"target\":[\"https:\/\/mandinus.hr\/thermal-imaging\/\"]}]},{\"@type\":\"ImageObject\",\"inLanguage\":\"it-IT\",\"@id\":\"https:\/\/mandinus.hr\/thermal-imaging\/#primaryimage\",\"url\":\"https:\/\/lh3.googleusercontent.com\/a\/ACg8ocJCHwibHvl3bjL7IyTfWmCzP8TMon6WM-vodQIX8HvI=s120-c-rp-mo-br100\",\"contentUrl\":\"https:\/\/lh3.googleusercontent.com\/a\/ACg8ocJCHwibHvl3bjL7IyTfWmCzP8TMon6WM-vodQIX8HvI=s120-c-rp-mo-br100\"},{\"@type\":\"BreadcrumbList\",\"@id\":\"https:\/\/mandinus.hr\/thermal-imaging\/#breadcrumb\",\"itemListElement\":[{\"@type\":\"ListItem\",\"position\":1,\"name\":\"Home\",\"item\":\"https:\/\/mandinus.hr\/\"},{\"@type\":\"ListItem\",\"position\":2,\"name\":\"Termografia\"}]},{\"@type\":\"WebSite\",\"@id\":\"https:\/\/mandinus.hr\/#website\",\"url\":\"https:\/\/mandinus.hr\/\",\"name\":\"Mandinus - Yacht Agency & Marine Survey\",\"description\":\"Yacht Agency &amp; Marine Survey\",\"publisher\":{\"@id\":\"https:\/\/mandinus.hr\/#organization\"},\"potentialAction\":[{\"@type\":\"SearchAction\",\"target\":{\"@type\":\"EntryPoint\",\"urlTemplate\":\"https:\/\/mandinus.hr\/?s={search_term_string}\"},\"query-input\":{\"@type\":\"PropertyValueSpecification\",\"valueRequired\":true,\"valueName\":\"search_term_string\"}}],\"inLanguage\":\"it-IT\"},{\"@type\":\"Organization\",\"@id\":\"https:\/\/mandinus.hr\/#organization\",\"name\":\"Mandinus - Yacht Agency & Marine Survey\",\"url\":\"https:\/\/mandinus.hr\/\",\"logo\":{\"@type\":\"ImageObject\",\"inLanguage\":\"it-IT\",\"@id\":\"https:\/\/mandinus.hr\/#\/schema\/logo\/image\/\",\"url\":\"https:\/\/mandinus.hr\/wp-content\/uploads\/2023\/10\/mandinus-plavi.webp\",\"contentUrl\":\"https:\/\/mandinus.hr\/wp-content\/uploads\/2023\/10\/mandinus-plavi.webp\",\"width\":1000,\"height\":562,\"caption\":\"Mandinus - Yacht Agency & Marine Survey\"},\"image\":{\"@id\":\"https:\/\/mandinus.hr\/#\/schema\/logo\/image\/\"},\"sameAs\":[\"https:\/\/www.facebook.com\/groups\/navigareincroazia\"]}]}<\/script>\n<!-- \/ Yoast SEO Premium plugin. -->","yoast_head_json":{"title":"Termografia - Mandinus","robots":{"index":"index","follow":"follow","max-snippet":"max-snippet:-1","max-image-preview":"max-image-preview:large","max-video-preview":"max-video-preview:-1"},"canonical":"https:\/\/mandinus.hr\/it\/termografia\/","og_locale":"it_IT","og_type":"article","og_title":"Termografia","og_description":"La nostra azienda fornisce servizi autonomi di termografia, conduciamo termografia su imbarcazioni in composito (yacht da diporto e imbarcazioni piccole) in vetroresina rinforzata e su apparecchiature elettriche e rotanti. Motori di grandi imbarcazioni Motori di imbarcazioni e altri motori Trasportatori industriali Pompe di grandi dimensioni Macchinari industriali Altre attrezzature manifatturiere La rilevazione di fratture, ingresso [&hellip;]","og_url":"https:\/\/mandinus.hr\/thermal-imaging\/","og_site_name":"Mandinus","article_publisher":"https:\/\/www.facebook.com\/groups\/navigareincroazia","article_modified_time":"2023-12-05T10:40:01+00:00","og_image":[{"url":"https:\/\/lh3.googleusercontent.com\/a\/ACg8ocJCHwibHvl3bjL7IyTfWmCzP8TMon6WM-vodQIX8HvI=s120-c-rp-mo-br100","type":"","width":"","height":""}],"twitter_card":"summary_large_image","twitter_misc":{"Tempo di lettura stimato":"1 minuto"},"schema":{"@context":"https:\/\/schema.org","@graph":[{"@type":"WebPage","@id":"https:\/\/mandinus.hr\/thermal-imaging\/","url":"https:\/\/mandinus.hr\/thermal-imaging\/","name":"Termografia - Mandinus","isPartOf":{"@id":"https:\/\/mandinus.hr\/#website"},"primaryImageOfPage":{"@id":"https:\/\/mandinus.hr\/thermal-imaging\/#primaryimage"},"image":{"@id":"https:\/\/mandinus.hr\/thermal-imaging\/#primaryimage"},"thumbnailUrl":"https:\/\/lh3.googleusercontent.com\/a\/ACg8ocJCHwibHvl3bjL7IyTfWmCzP8TMon6WM-vodQIX8HvI=s120-c-rp-mo-br100","datePublished":"2023-11-07T17:50:30+00:00","dateModified":"2023-12-05T10:40:01+00:00","breadcrumb":{"@id":"https:\/\/mandinus.hr\/thermal-imaging\/#breadcrumb"},"inLanguage":"it-IT","potentialAction":[{"@type":"ReadAction","target":["https:\/\/mandinus.hr\/thermal-imaging\/"]}]},{"@type":"ImageObject","inLanguage":"it-IT","@id":"https:\/\/mandinus.hr\/thermal-imaging\/#primaryimage","url":"https:\/\/lh3.googleusercontent.com\/a\/ACg8ocJCHwibHvl3bjL7IyTfWmCzP8TMon6WM-vodQIX8HvI=s120-c-rp-mo-br100","contentUrl":"https:\/\/lh3.googleusercontent.com\/a\/ACg8ocJCHwibHvl3bjL7IyTfWmCzP8TMon6WM-vodQIX8HvI=s120-c-rp-mo-br100"},{"@type":"BreadcrumbList","@id":"https:\/\/mandinus.hr\/thermal-imaging\/#breadcrumb","itemListElement":[{"@type":"ListItem","position":1,"name":"Home","item":"https:\/\/mandinus.hr\/"},{"@type":"ListItem","position":2,"name":"Termografia"}]},{"@type":"WebSite","@id":"https:\/\/mandinus.hr\/#website","url":"https:\/\/mandinus.hr\/","name":"Mandinus - Yacht Agency & Marine Survey","description":"Yacht Agency &amp; Marine Survey","publisher":{"@id":"https:\/\/mandinus.hr\/#organization"},"potentialAction":[{"@type":"SearchAction","target":{"@type":"EntryPoint","urlTemplate":"https:\/\/mandinus.hr\/?s={search_term_string}"},"query-input":{"@type":"PropertyValueSpecification","valueRequired":true,"valueName":"search_term_string"}}],"inLanguage":"it-IT"},{"@type":"Organization","@id":"https:\/\/mandinus.hr\/#organization","name":"Mandinus - Yacht Agency & Marine Survey","url":"https:\/\/mandinus.hr\/","logo":{"@type":"ImageObject","inLanguage":"it-IT","@id":"https:\/\/mandinus.hr\/#\/schema\/logo\/image\/","url":"https:\/\/mandinus.hr\/wp-content\/uploads\/2023\/10\/mandinus-plavi.webp","contentUrl":"https:\/\/mandinus.hr\/wp-content\/uploads\/2023\/10\/mandinus-plavi.webp","width":1000,"height":562,"caption":"Mandinus - Yacht Agency & Marine Survey"},"image":{"@id":"https:\/\/mandinus.hr\/#\/schema\/logo\/image\/"},"sameAs":["https:\/\/www.facebook.com\/groups\/navigareincroazia"]}]}},"_links":{"self":[{"href":"https:\/\/mandinus.hr\/it\/wp-json\/wp\/v2\/pages\/5709","targetHints":{"allow":["GET"]}}],"collection":[{"href":"https:\/\/mandinus.hr\/it\/wp-json\/wp\/v2\/pages"}],"about":[{"href":"https:\/\/mandinus.hr\/it\/wp-json\/wp\/v2\/types\/page"}],"author":[{"embeddable":true,"href":"https:\/\/mandinus.hr\/it\/wp-json\/wp\/v2\/users\/1"}],"replies":[{"embeddable":true,"href":"https:\/\/mandinus.hr\/it\/wp-json\/wp\/v2\/comments?post=5709"}],"version-history":[{"count":0,"href":"https:\/\/mandinus.hr\/it\/wp-json\/wp\/v2\/pages\/5709\/revisions"}],"wp:attachment":[{"href":"https:\/\/mandinus.hr\/it\/wp-json\/wp\/v2\/media?parent=5709"}],"curies":[{"name":"wp","href":"https:\/\/api.w.org\/{rel}","templated":true}]}}