{"id":5858,"date":"2023-11-07T16:51:24","date_gmt":"2023-11-07T15:51:24","guid":{"rendered":"https:\/\/mandinus.hr\/permesso-individuale-per-immersioni-in-croazia\/"},"modified":"2023-12-07T06:45:17","modified_gmt":"2023-12-07T06:45:17","slug":"autorizzazione-individuale-per-immersioni-in-croazia","status":"publish","type":"page","link":"https:\/\/mandinus.hr\/it\/autorizzazione-individuale-per-immersioni-in-croazia\/","title":{"rendered":"Permesso individuale per immersioni in Croazia"},"content":{"rendered":"\t\t<div data-elementor-type=\"wp-page\" data-elementor-id=\"5858\" class=\"elementor elementor-5858 elementor-4428\" data-elementor-post-type=\"page\">\n\t\t\t\t\t\t<section class=\"elementor-section elementor-top-section elementor-element elementor-element-8a4f4c3 elementor-section-boxed elementor-section-height-default elementor-section-height-default\" data-id=\"8a4f4c3\" data-element_type=\"section\" data-e-type=\"section\">\n\t\t\t\t\t\t<div class=\"elementor-container elementor-column-gap-default\">\n\t\t\t\t\t<div class=\"elementor-column elementor-col-50 elementor-top-column elementor-element elementor-element-f8b83f1 cont-col\" data-id=\"f8b83f1\" data-element_type=\"column\" data-e-type=\"column\">\n\t\t\t<div class=\"elementor-widget-wrap elementor-element-populated\">\n\t\t\t\t\t\t<div class=\"elementor-element elementor-element-9f6a978 aleft elementor-widget elementor-widget-wgl-double-heading\" data-id=\"9f6a978\" data-element_type=\"widget\" data-e-type=\"widget\" data-widget_type=\"wgl-double-heading.default\">\n\t\t\t\t<div class=\"elementor-widget-container\">\n\t\t\t\t\t<div class=\"wgl-double-heading\"><div class=\"dblh__content\"><p>Immergersi nel mare cristallino, scoprire i segreti del mondo subacqueo e osservare la variegata vita marina sono solo alcune delle ragioni per cui molte persone scelgono questa attivit\u00e0. Tuttavia, se non si pianifica di fare immersioni in gruppo, ma si desidera essere indipendenti ed esplorare il mondo sottomarino dal proprio yacht, \u00e8 necessario ottenere un\u2019autorizzazione individuale per le immersioni.<br \/>\nMandinus offre un servizio per ottenere l\u2019autorizzazione individuale per le immersioni (permesso).<\/p>\n<\/div><\/div>\t\t\t\t<\/div>\n\t\t\t\t<\/div>\n\t\t\t\t<div class=\"elementor-element elementor-element-8cc2565 aleft elementor-widget elementor-widget-wgl-double-heading\" data-id=\"8cc2565\" data-element_type=\"widget\" data-e-type=\"widget\" data-widget_type=\"wgl-double-heading.default\">\n\t\t\t\t<div class=\"elementor-widget-container\">\n\t\t\t\t\t<div class=\"wgl-double-heading\"><h3 class=\"dblh__title-wrapper\"><span class=\"dblh__title dblh__title-1\">Mandinus offre un servizio per ottenere un permesso di immersione individuale<\/span><\/h3><div class=\"dblh__content\"><p>Per coloro che desiderano fare immersioni individuali in Croazia, Mandinus offre una soluzione che risparmier\u00e0 tempo e semplificher\u00e0 l\u2019intero processo di ottenimento dell\u2019autorizzazione. \u00c8 necessario ottenere un\u2019 autorizzazione individuale per le immersioni rilasciata dall\u2019ufficio competente del capitaneria di porto. Il costo dell\u2019autorizzazione \u00e8 di 318,53 euro e ha validit\u00e0 di un anno dalla data di emissione.<\/p>\n<\/div><\/div>\t\t\t\t<\/div>\n\t\t\t\t<\/div>\n\t\t\t\t<div class=\"elementor-element elementor-element-e68ede3 aleft elementor-widget elementor-widget-wgl-double-heading\" data-id=\"e68ede3\" data-element_type=\"widget\" data-e-type=\"widget\" data-widget_type=\"wgl-double-heading.default\">\n\t\t\t\t<div class=\"elementor-widget-container\">\n\t\t\t\t\t<div class=\"wgl-double-heading\"><h3 class=\"dblh__title-wrapper\"><span class=\"dblh__title dblh__title-1\">Regole per le immersioni individuali<\/span><\/h3><div class=\"dblh__content\"><p>Nelle immersioni individuali, il subacqueo \u00e8 obbligato a rispettare determinate regole. Ad esempio, \u00e8 necessario informarsi sulle zone dove le immersioni sono vietate. Ci\u00f2 si applica alle aree dove sono presenti beni culturali. Inoltre, le immersioni sono vietate nei parchi nazionali come Brijuni e Krka, cos\u00ec come nei pressi di porti, riserve speciali e parchi naturali.<\/p>\n<p>Durante l\u2019immersione, \u00e8 necessario segnalare correttamente l\u2019area di immersione. Il subacqueo \u00e8 obbligato a posizionare una boa nel mezzo dell\u2019area di immersione, di colore arancione o rosso, con un diametro di almeno 30 centimetri, o una bandiera da immersione (un rettangolo arancione con una linea diagonale bianca o una bandiera marittima della lettera \u201cA\u201d del Codice internazionale di segnalazione o una bandiera da immersione ben visibile sulla nave da cui si effettua l\u2019immersione). Di notte, la boa deve avere una luce lampeggiante \u2013 una luce stroboscopica, di colore giallo o bianco, visibile a una distanza di almeno 300 metri.<\/p>\n<p>\u00c8 importante notare che se noti i resti di possibili reperti archeologici durante l\u2019immersione ricreativa in un\u2019area che non \u00e8 registrata come sito del patrimonio culturale, non devi rimuoverli dall\u2019acqua\/mare ma devi informare il competente ufficio di conservazione sulla loro esatta posizione. I reperti archeologici trovati sulla terra, in acqua o in mare sono di propriet\u00e0 della Repubblica di Croazia ai sensi della legge sulla protezione e conservazione dei beni culturali. Puoi trovare un elenco degli uffici di conservazione e le loro informazioni di contatto sul sito web del Ministero della Cultura.<\/p>\n<\/div><\/div>\t\t\t\t<\/div>\n\t\t\t\t<\/div>\n\t\t\t\t<div class=\"elementor-element elementor-element-075b04e elementor-widget elementor-widget-image\" data-id=\"075b04e\" data-element_type=\"widget\" data-e-type=\"widget\" data-widget_type=\"image.default\">\n\t\t\t\t\t\t\t\t\t\t\t\t\t\t\t<img fetchpriority=\"high\" decoding=\"async\" width=\"1024\" height=\"683\" src=\"https:\/\/mandinus.hr\/wp-content\/uploads\/2023\/11\/GZ72796-1024x683.webp\" class=\"attachment-large size-large wp-image-5052\" alt=\"\" srcset=\"https:\/\/mandinus.hr\/wp-content\/uploads\/2023\/11\/GZ72796-1024x683.webp 1024w, https:\/\/mandinus.hr\/wp-content\/uploads\/2023\/11\/GZ72796-300x200.webp 300w, https:\/\/mandinus.hr\/wp-content\/uploads\/2023\/11\/GZ72796-768x512.webp 768w, https:\/\/mandinus.hr\/wp-content\/uploads\/2023\/11\/GZ72796-1536x1024.webp 1536w, https:\/\/mandinus.hr\/wp-content\/uploads\/2023\/11\/GZ72796-1080x720.webp 1080w, https:\/\/mandinus.hr\/wp-content\/uploads\/2023\/11\/GZ72796.webp 1620w\" sizes=\"(max-width: 1024px) 100vw, 1024px\" \/>\t\t\t\t\t\t\t\t\t\t\t\t\t\t\t<\/div>\n\t\t\t\t<div class=\"elementor-element elementor-element-697d670 aleft elementor-widget elementor-widget-wgl-double-heading\" data-id=\"697d670\" data-element_type=\"widget\" data-e-type=\"widget\" data-widget_type=\"wgl-double-heading.default\">\n\t\t\t\t<div class=\"elementor-widget-container\">\n\t\t\t\t\t<div class=\"wgl-double-heading\"><h3 class=\"dblh__title-wrapper\"><span class=\"dblh__title dblh__title-1\">Richiesta online per il permesso di immersione<\/span><\/h3><div class=\"dblh__content\"><p>Soddisfare tutti questi requisiti pu\u00f2 essere impegnativo e richiedere molto tempo per un individuo, specialmente se non \u00e8 familiare con le norme e i regolamenti locali. Ecco perch\u00e9 Mandinus offre i suoi servizi per ottenere permessi di immersione individuali in Croazia, al fine di risparmiare tempo e semplificare il processo per i propri clienti.<\/p>\n<\/div><\/div>\t\t\t\t<\/div>\n\t\t\t\t<\/div>\n\t\t\t\t<div class=\"elementor-element elementor-element-6adb8cc elementor-widget elementor-widget-shortcode\" data-id=\"6adb8cc\" data-element_type=\"widget\" data-e-type=\"widget\" data-widget_type=\"shortcode.default\">\n\t\t\t\t\t\t\t<div class=\"elementor-shortcode\"><\/div>\n\t\t\t\t\t\t<\/div>\n\t\t\t\t<div class=\"elementor-element elementor-element-1012594 elementor-widget elementor-widget-spacer\" data-id=\"1012594\" data-element_type=\"widget\" data-e-type=\"widget\" data-widget_type=\"spacer.default\">\n\t\t\t\t\t\t\t<div class=\"elementor-spacer\">\n\t\t\t<div class=\"elementor-spacer-inner\"><\/div>\n\t\t<\/div>\n\t\t\t\t\t\t<\/div>\n\t\t\t\t\t<\/div>\n\t\t<\/div>\n\t\t\t\t<div class=\"elementor-column elementor-col-50 elementor-top-column elementor-element elementor-element-32a5122 rev-col\" data-id=\"32a5122\" data-element_type=\"column\" data-e-type=\"column\">\n\t\t\t<div class=\"elementor-widget-wrap elementor-element-populated\">\n\t\t\t\t\t\t\t<\/div>\n\t\t<\/div>\n\t\t\t\t\t<\/div>\n\t\t<\/section>\n\t\t\t\t<section class=\"elementor-section elementor-top-section elementor-element elementor-element-46d3291e elementor-section-boxed elementor-section-height-default elementor-section-height-default\" data-id=\"46d3291e\" data-element_type=\"section\" data-e-type=\"section\" data-settings=\"{&quot;background_background&quot;:&quot;classic&quot;}\">\n\t\t\t\t\t\t<div class=\"elementor-container elementor-column-gap-default\">\n\t\t\t\t\t<div class=\"elementor-column elementor-col-100 elementor-top-column elementor-element elementor-element-2e6876b6\" data-id=\"2e6876b6\" data-element_type=\"column\" data-e-type=\"column\">\n\t\t\t<div class=\"elementor-widget-wrap elementor-element-populated\">\n\t\t\t\t\t\t<div class=\"elementor-element elementor-element-250eb7db elementor-widget__width-initial divider-yes aleft elementor-widget elementor-widget-wgl-double-heading\" data-id=\"250eb7db\" data-element_type=\"widget\" data-e-type=\"widget\" data-widget_type=\"wgl-double-heading.default\">\n\t\t\t\t<div class=\"elementor-widget-container\">\n\t\t\t\t\t<div class=\"wgl-double-heading\"><div class=\"dblh__subtitle\">Servizi<\/div><\/div>\t\t\t\t<\/div>\n\t\t\t\t<\/div>\n\t\t\t\t<div class=\"elementor-element elementor-element-3e70ef3f elementor-widget elementor-widget-spacer\" data-id=\"3e70ef3f\" data-element_type=\"widget\" data-e-type=\"widget\" data-widget_type=\"spacer.default\">\n\t\t\t\t\t\t\t<div class=\"elementor-spacer\">\n\t\t\t<div class=\"elementor-spacer-inner\"><\/div>\n\t\t<\/div>\n\t\t\t\t\t\t<\/div>\n\t\t\t\t<div class=\"elementor-element elementor-element-429bbd9f usluge elementor-widget elementor-widget-wgl-cases\" data-id=\"429bbd9f\" data-element_type=\"widget\" data-e-type=\"widget\" data-widget_type=\"wgl-cases.default\">\n\t\t\t\t<div class=\"elementor-widget-container\">\n\t\t\t\t\t<div class=\"wgl-cases\" data-carousel=\"\"><div class=\"case_items elementor-repeater-item-60496d5\"><div class=\"case_items__inner_wrapper\"><a class=\"wgl-cases__link\" href=\"https:\/\/mandinus.hr\/it\/tassa-di-navigazione-online\/\"><\/a><div class=\"image_wrapper\"><div class=\"media-wrapper img-wrapper\"><figure class=\"wgl-image-box_img\"><span ><picture><source srcset=\"https:\/\/mandinus.hr\/wp-content\/webp-express\/webp-images\/uploads\/2023\/11\/permit-vignette-navigation-fee-croatia-kroatien-croazia1-Large1-1440x1080.jpeg.webp\" type=\"image\/webp\"><img decoding=\"async\" src=\"https:\/\/mandinus.hr\/wp-content\/uploads\/2023\/11\/permit-vignette-navigation-fee-croatia-kroatien-croazia1-Large1-1440x1080.jpeg\" alt=\"Permit Vignette Navigation Fee Croatia Kroatien Croazia1 Large[1]\" title=\"Permit Vignette Navigation Fee Croatia Kroatien Croazia1 Large[1]\" loading=\"lazy\" class=\"webpexpress-processed\"><\/picture><\/span><\/figure><\/div><div class=\"media-wrapper icon-wrapper\"><div class=\"wgl-icon\"><i class=\"icon elementor-icon flaticon-plus-sign\" aria-hidden=\"true\"><\/i><\/div><\/div><\/div><div class=\"icon_wrapper\"><div class=\"media-wrapper \"><\/div><\/div><div class=\"case_title__wrapper\"><h3 class=\"case_title\"><span>Tassa Nautica<\/span><\/h3><\/div><div class=\"case_content__wrapper\"><p>La tassa di navigazione si paga una volta all'anno ed \u00e8 sempre valida fino alla fine dell'anno.<\/p>\n<\/div><div class=\"case_button__wrapper\"><div  class=\"wgl-cases__button button-read-more\"><span>SAPERNE DI PI\u00d9<\/span><i class=\"flaticon flaticon-plus-sign read-more-icon\"><\/i><\/div><\/div><\/div><\/div><div class=\"case_items elementor-repeater-item-30ff6f7\"><div class=\"case_items__inner_wrapper\"><a class=\"wgl-cases__link\" href=\"https:\/\/mandinus.hr\/it\/permesso-di-pesca-in-croazia-online\/\"><\/a><div class=\"image_wrapper\"><div class=\"media-wrapper img-wrapper\"><figure class=\"wgl-image-box_img\"><span ><img decoding=\"async\" src=\"https:\/\/mandinus.hr\/wp-content\/uploads\/2023\/11\/pexels-william-mcallister-3793366-Large-1626x1080.webp\" alt=\"Pexels William Mcallister 3793366 Large\" title=\"Pexels William Mcallister 3793366 Large\" loading=\"lazy\"><\/span><\/figure><\/div><div class=\"media-wrapper icon-wrapper\"><div class=\"wgl-icon\"><i class=\"icon elementor-icon flaticon-plus-sign\" aria-hidden=\"true\"><\/i><\/div><\/div><\/div><div class=\"icon_wrapper\"><div class=\"media-wrapper \"><\/div><\/div><div class=\"case_title__wrapper\"><h3 class=\"case_title\"><span>Licenza di pesca<\/span><\/h3><\/div><div class=\"case_content__wrapper\"><p>La pesca in Croazia \u00e8 molto popolare e viene considerata uno sport nazionale<\/p>\n<\/div><div class=\"case_button__wrapper\"><div  class=\"wgl-cases__button button-read-more\"><span>SAPERNE DI PI\u00d9<\/span><i class=\"flaticon flaticon-plus-sign read-more-icon\"><\/i><\/div><\/div><\/div><\/div><div class=\"case_items elementor-repeater-item-8aeda9b\"><div class=\"case_items__inner_wrapper\"><a class=\"wgl-cases__link\" href=\"https:\/\/mandinus.hr\/individual-diving-authorisation-in-croatia\/\"><\/a><div class=\"image_wrapper\"><div class=\"media-wrapper img-wrapper\"><figure class=\"wgl-image-box_img\"><span ><img decoding=\"async\" src=\"https:\/\/mandinus.hr\/wp-content\/uploads\/2023\/11\/Individual-Diving-Authorisations-in-Croatia-1618x1080.webp\" alt=\"Individual Diving Authorisations In Croatia\" title=\"Individual Diving Authorisations In Croatia\" loading=\"lazy\"><\/span><\/figure><\/div><div class=\"media-wrapper icon-wrapper\"><div class=\"wgl-icon\"><i class=\"icon elementor-icon flaticon-plus-sign\" aria-hidden=\"true\"><\/i><\/div><\/div><\/div><div class=\"icon_wrapper\"><div class=\"media-wrapper \"><\/div><\/div><div class=\"case_title__wrapper\"><h3 class=\"case_title\"><span>Permessi per immersioni<\/span><\/h3><\/div><div class=\"case_content__wrapper\"><p>Semplifichiamo il processo per ottenere l'autorizzazione alle immersioni.<\/p>\n<\/div><div class=\"case_button__wrapper\"><div  class=\"wgl-cases__button button-read-more\"><span>SAPERNE DI PI\u00d9<\/span><i class=\"flaticon flaticon-plus-sign read-more-icon\"><\/i><\/div><\/div><\/div><\/div><\/div>\t\t\t\t<\/div>\n\t\t\t\t<\/div>\n\t\t\t\t\t<\/div>\n\t\t<\/div>\n\t\t\t\t\t<\/div>\n\t\t<\/section>\n\t\t\t\t<\/div>\n\t\t","protected":false},"excerpt":{"rendered":"<p>Immergersi nel mare cristallino, scoprire i segreti del mondo subacqueo e osservare la variegata vita marina sono solo alcune delle ragioni per cui molte persone scelgono questa attivit\u00e0. Tuttavia, se non si pianifica di fare immersioni in gruppo, ma si desidera essere indipendenti ed esplorare il mondo sottomarino dal proprio yacht, \u00e8 necessario ottenere un\u2019autorizzazione [&hellip;]<\/p>\n","protected":false},"author":1,"featured_media":0,"parent":0,"menu_order":0,"comment_status":"closed","ping_status":"closed","template":"","meta":{"footnotes":""},"class_list":["post-5858","page","type-page","status-publish","hentry"],"yoast_head":"<!-- This site is optimized with the Yoast SEO Premium plugin v21.7 (Yoast SEO v27.1.1) - https:\/\/yoast.com\/product\/yoast-seo-premium-wordpress\/ -->\n<title>Permesso individuale per immersioni in Croazia - Mandinus<\/title>\n<meta name=\"robots\" content=\"index, follow, max-snippet:-1, max-image-preview:large, max-video-preview:-1\" \/>\n<link rel=\"canonical\" href=\"https:\/\/mandinus.hr\/it\/autorizzazione-individuale-per-immersioni-in-croazia\/\" \/>\n<meta property=\"og:locale\" content=\"it_IT\" \/>\n<meta property=\"og:type\" content=\"article\" \/>\n<meta property=\"og:title\" content=\"Permesso individuale per immersioni in Croazia\" \/>\n<meta property=\"og:description\" content=\"Immergersi nel mare cristallino, scoprire i segreti del mondo subacqueo e osservare la variegata vita marina sono solo alcune delle ragioni per cui molte persone scelgono questa attivit\u00e0. Tuttavia, se non si pianifica di fare immersioni in gruppo, ma si desidera essere indipendenti ed esplorare il mondo sottomarino dal proprio yacht, \u00e8 necessario ottenere un\u2019autorizzazione [&hellip;]\" \/>\n<meta property=\"og:url\" content=\"https:\/\/mandinus.hr\/it\/autorizzazione-individuale-per-immersioni-in-croazia\/\" \/>\n<meta property=\"og:site_name\" content=\"Mandinus\" \/>\n<meta property=\"article:publisher\" content=\"https:\/\/www.facebook.com\/groups\/navigareincroazia\" \/>\n<meta property=\"article:modified_time\" content=\"2023-12-07T06:45:17+00:00\" \/>\n<meta property=\"og:image\" content=\"https:\/\/mandinus.hr\/wp-content\/uploads\/2023\/11\/GZ72796-1024x683.webp\" \/>\n<meta name=\"twitter:card\" content=\"summary_large_image\" \/>\n<meta name=\"twitter:label1\" content=\"Tempo di lettura stimato\" \/>\n\t<meta name=\"twitter:data1\" content=\"1 minuto\" \/>\n<script type=\"application\/ld+json\" class=\"yoast-schema-graph\">{\"@context\":\"https:\/\/schema.org\",\"@graph\":[{\"@type\":\"WebPage\",\"@id\":\"https:\/\/mandinus.hr\/it\/autorizzazione-individuale-per-immersioni-in-croazia\/\",\"url\":\"https:\/\/mandinus.hr\/it\/autorizzazione-individuale-per-immersioni-in-croazia\/\",\"name\":\"Permesso individuale per immersioni in Croazia - Mandinus\",\"isPartOf\":{\"@id\":\"https:\/\/mandinus.hr\/#website\"},\"primaryImageOfPage\":{\"@id\":\"https:\/\/mandinus.hr\/it\/autorizzazione-individuale-per-immersioni-in-croazia\/#primaryimage\"},\"image\":{\"@id\":\"https:\/\/mandinus.hr\/it\/autorizzazione-individuale-per-immersioni-in-croazia\/#primaryimage\"},\"thumbnailUrl\":\"https:\/\/mandinus.hr\/wp-content\/uploads\/2023\/11\/GZ72796-1024x683.webp\",\"datePublished\":\"2023-11-07T15:51:24+00:00\",\"dateModified\":\"2023-12-07T06:45:17+00:00\",\"breadcrumb\":{\"@id\":\"https:\/\/mandinus.hr\/it\/autorizzazione-individuale-per-immersioni-in-croazia\/#breadcrumb\"},\"inLanguage\":\"it-IT\",\"potentialAction\":[{\"@type\":\"ReadAction\",\"target\":[\"https:\/\/mandinus.hr\/it\/autorizzazione-individuale-per-immersioni-in-croazia\/\"]}]},{\"@type\":\"ImageObject\",\"inLanguage\":\"it-IT\",\"@id\":\"https:\/\/mandinus.hr\/it\/autorizzazione-individuale-per-immersioni-in-croazia\/#primaryimage\",\"url\":\"https:\/\/mandinus.hr\/wp-content\/uploads\/2023\/11\/GZ72796-1024x683.webp\",\"contentUrl\":\"https:\/\/mandinus.hr\/wp-content\/uploads\/2023\/11\/GZ72796-1024x683.webp\"},{\"@type\":\"BreadcrumbList\",\"@id\":\"https:\/\/mandinus.hr\/it\/autorizzazione-individuale-per-immersioni-in-croazia\/#breadcrumb\",\"itemListElement\":[{\"@type\":\"ListItem\",\"position\":1,\"name\":\"Home\",\"item\":\"https:\/\/mandinus.hr\/\"},{\"@type\":\"ListItem\",\"position\":2,\"name\":\"Permesso individuale per immersioni in Croazia\"}]},{\"@type\":\"WebSite\",\"@id\":\"https:\/\/mandinus.hr\/#website\",\"url\":\"https:\/\/mandinus.hr\/\",\"name\":\"Mandinus - Yacht Agency & Marine Survey\",\"description\":\"Yacht Agency &amp; Marine Survey\",\"publisher\":{\"@id\":\"https:\/\/mandinus.hr\/#organization\"},\"potentialAction\":[{\"@type\":\"SearchAction\",\"target\":{\"@type\":\"EntryPoint\",\"urlTemplate\":\"https:\/\/mandinus.hr\/?s={search_term_string}\"},\"query-input\":{\"@type\":\"PropertyValueSpecification\",\"valueRequired\":true,\"valueName\":\"search_term_string\"}}],\"inLanguage\":\"it-IT\"},{\"@type\":\"Organization\",\"@id\":\"https:\/\/mandinus.hr\/#organization\",\"name\":\"Mandinus - Yacht Agency & Marine Survey\",\"url\":\"https:\/\/mandinus.hr\/\",\"logo\":{\"@type\":\"ImageObject\",\"inLanguage\":\"it-IT\",\"@id\":\"https:\/\/mandinus.hr\/#\/schema\/logo\/image\/\",\"url\":\"https:\/\/mandinus.hr\/wp-content\/uploads\/2023\/10\/mandinus-plavi.webp\",\"contentUrl\":\"https:\/\/mandinus.hr\/wp-content\/uploads\/2023\/10\/mandinus-plavi.webp\",\"width\":1000,\"height\":562,\"caption\":\"Mandinus - Yacht Agency & Marine Survey\"},\"image\":{\"@id\":\"https:\/\/mandinus.hr\/#\/schema\/logo\/image\/\"},\"sameAs\":[\"https:\/\/www.facebook.com\/groups\/navigareincroazia\"]}]}<\/script>\n<!-- \/ Yoast SEO Premium plugin. -->","yoast_head_json":{"title":"Permesso individuale per immersioni in Croazia - Mandinus","robots":{"index":"index","follow":"follow","max-snippet":"max-snippet:-1","max-image-preview":"max-image-preview:large","max-video-preview":"max-video-preview:-1"},"canonical":"https:\/\/mandinus.hr\/it\/autorizzazione-individuale-per-immersioni-in-croazia\/","og_locale":"it_IT","og_type":"article","og_title":"Permesso individuale per immersioni in Croazia","og_description":"Immergersi nel mare cristallino, scoprire i segreti del mondo subacqueo e osservare la variegata vita marina sono solo alcune delle ragioni per cui molte persone scelgono questa attivit\u00e0. Tuttavia, se non si pianifica di fare immersioni in gruppo, ma si desidera essere indipendenti ed esplorare il mondo sottomarino dal proprio yacht, \u00e8 necessario ottenere un\u2019autorizzazione [&hellip;]","og_url":"https:\/\/mandinus.hr\/it\/autorizzazione-individuale-per-immersioni-in-croazia\/","og_site_name":"Mandinus","article_publisher":"https:\/\/www.facebook.com\/groups\/navigareincroazia","article_modified_time":"2023-12-07T06:45:17+00:00","og_image":[{"url":"https:\/\/mandinus.hr\/wp-content\/uploads\/2023\/11\/GZ72796-1024x683.webp","type":"","width":"","height":""}],"twitter_card":"summary_large_image","twitter_misc":{"Tempo di lettura stimato":"1 minuto"},"schema":{"@context":"https:\/\/schema.org","@graph":[{"@type":"WebPage","@id":"https:\/\/mandinus.hr\/it\/autorizzazione-individuale-per-immersioni-in-croazia\/","url":"https:\/\/mandinus.hr\/it\/autorizzazione-individuale-per-immersioni-in-croazia\/","name":"Permesso individuale per immersioni in Croazia - Mandinus","isPartOf":{"@id":"https:\/\/mandinus.hr\/#website"},"primaryImageOfPage":{"@id":"https:\/\/mandinus.hr\/it\/autorizzazione-individuale-per-immersioni-in-croazia\/#primaryimage"},"image":{"@id":"https:\/\/mandinus.hr\/it\/autorizzazione-individuale-per-immersioni-in-croazia\/#primaryimage"},"thumbnailUrl":"https:\/\/mandinus.hr\/wp-content\/uploads\/2023\/11\/GZ72796-1024x683.webp","datePublished":"2023-11-07T15:51:24+00:00","dateModified":"2023-12-07T06:45:17+00:00","breadcrumb":{"@id":"https:\/\/mandinus.hr\/it\/autorizzazione-individuale-per-immersioni-in-croazia\/#breadcrumb"},"inLanguage":"it-IT","potentialAction":[{"@type":"ReadAction","target":["https:\/\/mandinus.hr\/it\/autorizzazione-individuale-per-immersioni-in-croazia\/"]}]},{"@type":"ImageObject","inLanguage":"it-IT","@id":"https:\/\/mandinus.hr\/it\/autorizzazione-individuale-per-immersioni-in-croazia\/#primaryimage","url":"https:\/\/mandinus.hr\/wp-content\/uploads\/2023\/11\/GZ72796-1024x683.webp","contentUrl":"https:\/\/mandinus.hr\/wp-content\/uploads\/2023\/11\/GZ72796-1024x683.webp"},{"@type":"BreadcrumbList","@id":"https:\/\/mandinus.hr\/it\/autorizzazione-individuale-per-immersioni-in-croazia\/#breadcrumb","itemListElement":[{"@type":"ListItem","position":1,"name":"Home","item":"https:\/\/mandinus.hr\/"},{"@type":"ListItem","position":2,"name":"Permesso individuale per immersioni in Croazia"}]},{"@type":"WebSite","@id":"https:\/\/mandinus.hr\/#website","url":"https:\/\/mandinus.hr\/","name":"Mandinus - Yacht Agency & Marine Survey","description":"Yacht Agency &amp; Marine Survey","publisher":{"@id":"https:\/\/mandinus.hr\/#organization"},"potentialAction":[{"@type":"SearchAction","target":{"@type":"EntryPoint","urlTemplate":"https:\/\/mandinus.hr\/?s={search_term_string}"},"query-input":{"@type":"PropertyValueSpecification","valueRequired":true,"valueName":"search_term_string"}}],"inLanguage":"it-IT"},{"@type":"Organization","@id":"https:\/\/mandinus.hr\/#organization","name":"Mandinus - Yacht Agency & Marine Survey","url":"https:\/\/mandinus.hr\/","logo":{"@type":"ImageObject","inLanguage":"it-IT","@id":"https:\/\/mandinus.hr\/#\/schema\/logo\/image\/","url":"https:\/\/mandinus.hr\/wp-content\/uploads\/2023\/10\/mandinus-plavi.webp","contentUrl":"https:\/\/mandinus.hr\/wp-content\/uploads\/2023\/10\/mandinus-plavi.webp","width":1000,"height":562,"caption":"Mandinus - Yacht Agency & Marine Survey"},"image":{"@id":"https:\/\/mandinus.hr\/#\/schema\/logo\/image\/"},"sameAs":["https:\/\/www.facebook.com\/groups\/navigareincroazia"]}]}},"_links":{"self":[{"href":"https:\/\/mandinus.hr\/it\/wp-json\/wp\/v2\/pages\/5858","targetHints":{"allow":["GET"]}}],"collection":[{"href":"https:\/\/mandinus.hr\/it\/wp-json\/wp\/v2\/pages"}],"about":[{"href":"https:\/\/mandinus.hr\/it\/wp-json\/wp\/v2\/types\/page"}],"author":[{"embeddable":true,"href":"https:\/\/mandinus.hr\/it\/wp-json\/wp\/v2\/users\/1"}],"replies":[{"embeddable":true,"href":"https:\/\/mandinus.hr\/it\/wp-json\/wp\/v2\/comments?post=5858"}],"version-history":[{"count":0,"href":"https:\/\/mandinus.hr\/it\/wp-json\/wp\/v2\/pages\/5858\/revisions"}],"wp:attachment":[{"href":"https:\/\/mandinus.hr\/it\/wp-json\/wp\/v2\/media?parent=5858"}],"curies":[{"name":"wp","href":"https:\/\/api.w.org\/{rel}","templated":true}]}}