{"id":5908,"date":"2023-11-07T12:35:35","date_gmt":"2023-11-07T11:35:35","guid":{"rendered":"https:\/\/mandinus.hr\/izracun-cene-vinjete-za-coln-na-hrvaskem\/"},"modified":"2023-12-07T11:17:24","modified_gmt":"2023-12-07T11:17:24","slug":"izracun-cene-vinjete-za-coln-na-hrvaskem","status":"publish","type":"page","link":"https:\/\/mandinus.hr\/sl\/izracun-cene-vinjete-za-coln-na-hrvaskem\/","title":{"rendered":"Izra\u010dun cene vinjete za \u010doln na Hrva\u0161kem"},"content":{"rendered":"\t\t<div data-elementor-type=\"wp-page\" data-elementor-id=\"5908\" class=\"elementor elementor-5908 elementor-4393\" data-elementor-post-type=\"page\">\n\t\t\t\t\t\t<section class=\"elementor-section elementor-top-section elementor-element elementor-element-8a4f4c3 elementor-section-boxed elementor-section-height-default elementor-section-height-default\" data-id=\"8a4f4c3\" data-element_type=\"section\" data-e-type=\"section\">\n\t\t\t\t\t\t<div class=\"elementor-container elementor-column-gap-default\">\n\t\t\t\t\t<div class=\"elementor-column elementor-col-50 elementor-top-column elementor-element elementor-element-f8b83f1 cont-col\" data-id=\"f8b83f1\" data-element_type=\"column\" data-e-type=\"column\">\n\t\t\t<div class=\"elementor-widget-wrap elementor-element-populated\">\n\t\t\t\t\t\t<div class=\"elementor-element elementor-element-9f6a978 aleft elementor-widget elementor-widget-wgl-double-heading\" data-id=\"9f6a978\" data-element_type=\"widget\" data-e-type=\"widget\" data-widget_type=\"wgl-double-heading.default\">\n\t\t\t\t<div class=\"elementor-widget-container\">\n\t\t\t\t\t<div class=\"wgl-double-heading\"><h3 class=\"dblh__title-wrapper\"><span class=\"dblh__title dblh__title-1\">Navigacijska taksa na Hrva\u0161kem za jahto ali \u010doln (Plovno dovoljenje, Permit, Vinjeta)<\/span><\/h3><div class=\"dblh__content\"><p>Pristojbina za varnost plovbe in za\u0161\u010dito morja pred onesna\u017eenjem je polno ime pristojbine, ki jo morate pla\u010dati v lu\u0161ki kapitaniji. Ob pla\u010dilu pristojbine prejmete dokument \/ potrdilo: Potrdilo o pla\u010dilu pristojbin za prijavo jahte ali \u010dolna. Ta dokument, pristojbina je med navtiki znana tudi kot plovno dovoljenje ali vinjeta, kot se je neko\u010d imenovala.<br \/>\nCena vinjete za \u010doln na Hrva\u0161kem<\/p>\n<p>Izra\u010dunate lahko informativni znesek pristojbine, ki jo morate pla\u010dati, \u010de ste s svojim plovilom, jahto ali \u010dolnom vstopili v teritorialno morje Republike Hrva\u0161ke. Pristojbina se pla\u010da enkrat letno in vedno velja do konca leta 31.12.LLLL.<\/p>\n<p>Da se izognete odhodu v lu\u0161ko kapitanijo in vnaprej pripravite vso dokumentacijo, vam lahko izdelamo vinjeto na spletu.<\/p>\n<\/div><\/div>\t\t\t\t<\/div>\n\t\t\t\t<\/div>\n\t\t\t\t<div class=\"elementor-element elementor-element-6adb8cc elementor-widget elementor-widget-shortcode\" data-id=\"6adb8cc\" data-element_type=\"widget\" data-e-type=\"widget\" data-widget_type=\"shortcode.default\">\n\t\t\t\t\t\t\t<div class=\"elementor-shortcode\"><style>@media (max-width:480px){#cp_calculatedfieldsf_pform_1{min-height:1642px;}}@media (max-width:768px){#cp_calculatedfieldsf_pform_1{min-height:935px;}}@media (max-width:1024px){#cp_calculatedfieldsf_pform_1{min-height:1326px;}}@media (min-width:1024px){#cp_calculatedfieldsf_pform_1{min-height:736px;}}<\/style><form name=\"cp_calculatedfieldsf_pform_1\" id=\"cp_calculatedfieldsf_pform_1\" action=\"https:\/\/mandinus.hr\/sl\/izracun-cene-vinjete-za-coln-na-hrvaskem\/\" method=\"post\" enctype=\"multipart\/form-data\" onsubmit=\"return fbuilderjQuery.fbuilder.doValidate(this);\" class=\"cff-form no-prefetch  cff-form-10\"  data-nonce=\"cbe2265fbe\">\n<input type=\"hidden\" name=\"cp_calculatedfieldsf_pform_psequence\" value=\"_1\" \/>\n<input type=\"hidden\" name=\"cp_calculatedfieldsf_id\" value=\"10\" \/>\n<input type=\"hidden\" name=\"cp_ref_page\" value=\"https:\/\/mandinus.hr\/sl\" \/>\n<pre style=\"display:none !important;\"><script data-category=\"functional\" type=\"text\/javascript\">form_structure_1=[[{\"form_identifier\":\"\",\"name\":\"fieldname2\",\"shortlabel\":\"\",\"index\":0,\"ftype\":\"fnumber\",\"userhelp\":\"Dol\\u017eina \\u010dolna v metrih kot v dovoljenju za plovilo (npr. 12,45)\",\"audiotutorial\":\"\",\"userhelpTooltip\":false,\"tooltipIcon\":false,\"csslayout\":\"\",\"title\":\"Dol\\u017eina \\u010dolna (m)\",\"predefined\":\"\",\"predefinedClick\":false,\"required\":true,\"exclude\":false,\"readonly\":false,\"numberpad\":false,\"spinner\":false,\"size\":\"small\",\"thousandSeparator\":\"\",\"decimalSymbol\":\",\",\"min\":\"\",\"max\":\"\",\"formatDynamically\":true,\"dformat\":\"number\",\"formats\":[\"digits\",\"number\",\"percent\"],\"fBuild\":{},\"parent\":\"\"},{\"form_identifier\":\"\",\"name\":\"fieldname3\",\"shortlabel\":\"\",\"index\":1,\"ftype\":\"fnumber\",\"userhelp\":\"Skupna mo\\u010d motorja (npr. 55,22)\",\"audiotutorial\":\"\",\"userhelpTooltip\":false,\"tooltipIcon\":false,\"csslayout\":\"\",\"title\":\"Skupna mo\\u010d motorja (kW)\",\"predefined\":\"\",\"predefinedClick\":false,\"required\":true,\"exclude\":false,\"readonly\":false,\"numberpad\":false,\"spinner\":false,\"size\":\"small\",\"thousandSeparator\":\"\",\"decimalSymbol\":\",\",\"min\":\"\",\"max\":\"\",\"formatDynamically\":true,\"dformat\":\"number\",\"formats\":[\"digits\",\"number\",\"percent\"],\"fBuild\":{},\"parent\":\"\"},{\"form_identifier\":\"\",\"name\":\"fieldname4\",\"shortlabel\":\"\",\"index\":2,\"ftype\":\"fButton\",\"userhelp\":\"\",\"audiotutorial\":\"\",\"userhelpTooltip\":false,\"tooltipIcon\":false,\"csslayout\":\"\",\"sType\":\"calculate\",\"sValue\":\"Izra\\u010dunaj\",\"sOnclick\":\"\",\"sOnmousedown\":\"\",\"sLoading\":false,\"sMultipage\":false,\"fBuild\":{},\"parent\":\"\"},{\"dependencies\":[{\"rule\":\"\",\"complex\":false,\"fields\":[\"\"]}],\"form_identifier\":\"\",\"name\":\"fieldname1\",\"shortlabel\":\"\",\"index\":3,\"ftype\":\"fCalculated\",\"userhelp\":\"\",\"audiotutorial\":\"\",\"userhelpTooltip\":false,\"tooltipIcon\":false,\"csslayout\":\"\",\"title\":\"Pristojbina:\",\"predefined\":\"0\",\"required\":false,\"exclude\":false,\"size\":\"small\",\"eq\":\"(function(){\\n\\nif(fieldname2 \\u003C= 12) {\\n  if(fieldname3 \\u003C 3000) {\\n    return PREC((2*fieldname3 + 30*fieldname2),2)\\n  } else {\\n    return PREC(7500 + 10*fieldname2)\\n  }\\n} else {\\n  if(fieldname2 \\u003E12 \\u003C= 40) {\\n    if(fieldname3 \\u003C 3000) {\\n      return PREC((2*fieldname3 + 45*fieldname2),2)\\n    } else {\\n      return PREC(7500 + 25*fieldname2)\\n    }\\n  } else {\\n    return PREC(7500 + 25*fieldname2)\\n  }\\n}\\n\\n})();\",\"min\":\"\",\"max\":\"\",\"suffix\":\"HRK\",\"prefix\":\"\",\"decimalsymbol\":\",\",\"groupingsymbol\":\".\",\"readonly\":true,\"currency\":true,\"noEvalIfManual\":false,\"formatDynamically\":false,\"hidefield\":false,\"fBuild\":{},\"parent\":\"\",\"predefinedClick\":false},{\"dependencies\":[{\"rule\":\"\",\"complex\":false,\"fields\":[\"\"]}],\"form_identifier\":\"\",\"name\":\"fieldname5\",\"shortlabel\":\"\",\"index\":4,\"ftype\":\"fCalculated\",\"userhelp\":\"\",\"audiotutorial\":\"\",\"userhelpTooltip\":false,\"tooltipIcon\":false,\"csslayout\":\"\",\"title\":\"\",\"predefined\":\"\",\"required\":false,\"exclude\":false,\"size\":\"medium\",\"eq\":\"PREC(SUM(fieldname1\\\/7.53450),2)\",\"min\":\"\",\"max\":\"\",\"suffix\":\"EUR\",\"prefix\":\"\",\"decimalsymbol\":\".\",\"groupingsymbol\":\"\",\"readonly\":true,\"currency\":true,\"noEvalIfManual\":false,\"formatDynamically\":false,\"hidefield\":false,\"fBuild\":{},\"parent\":\"\"}],{\"0\":{\"title\":\"Informativni izra\\u010dun pristojbine\",\"description\":\"Vnesite natan\\u010dno dol\\u017eino \\u010dolna v metrih (npr. 11,52) in skupno mo\\u010d motorja v kW (\\u010de je motorjev ve\\u010d, je potrebno mo\\u010di se\\u0161teti npr. 2x220,50 kW = 441,00 kW)\",\"formlayout\":\"top_aligned\",\"formtemplate\":\"\",\"evalequations\":0,\"evalequationsevent\":\"1\",\"loading_animation\":0,\"autocomplete\":0,\"persistence\":0,\"customstyles\":\"\",\"animate_form\":0},\"formid\":\"cp_calculatedfieldsf_pform_1\"}];<\/script><\/pre>\n<div id=\"fbuilder\">\n\t\t<div id=\"fbuilder_1\">\n\t\t<div id=\"formheader_1\"><\/div>\n\t\t<div id=\"fieldlist_1\"><\/div>\n\t\t<div class=\"clearer\"><\/div>\n\t<\/div>\n<\/div>\n\t<div id=\"cp_subbtn_1\" class=\"cp_subbtn\" style=\"display:none;\"><\/div><div class=\"clearer\"><\/div>\n\t<input type=\"hidden\" id=\"_cpcff_public_nonce\" name=\"_cpcff_public_nonce\" value=\"0b1920fdd8\" \/><input type=\"hidden\" name=\"_wp_http_referer\" value=\"\/sl\/wp-json\/wp\/v2\/pages\/5908\" \/><\/form>\n\t<\/div>\n\t\t\t\t\t\t<\/div>\n\t\t\t\t\t<\/div>\n\t\t<\/div>\n\t\t\t\t<div class=\"elementor-column elementor-col-50 elementor-top-column elementor-element elementor-element-32a5122 rev-col\" data-id=\"32a5122\" data-element_type=\"column\" data-e-type=\"column\">\n\t\t\t<div class=\"elementor-widget-wrap elementor-element-populated\">\n\t\t\t\t\t\t\t<\/div>\n\t\t<\/div>\n\t\t\t\t\t<\/div>\n\t\t<\/section>\n\t\t\t\t<section class=\"elementor-section elementor-top-section elementor-element elementor-element-7c648ba2 elementor-section-boxed elementor-section-height-default elementor-section-height-default\" data-id=\"7c648ba2\" data-element_type=\"section\" data-e-type=\"section\" data-settings=\"{&quot;background_background&quot;:&quot;classic&quot;}\">\n\t\t\t\t\t\t<div class=\"elementor-container elementor-column-gap-default\">\n\t\t\t\t\t<div class=\"elementor-column elementor-col-100 elementor-top-column elementor-element elementor-element-4676f6a4\" data-id=\"4676f6a4\" data-element_type=\"column\" data-e-type=\"column\">\n\t\t\t<div class=\"elementor-widget-wrap elementor-element-populated\">\n\t\t\t\t\t\t<div class=\"elementor-element elementor-element-4c1de548 elementor-widget__width-initial divider-yes aleft elementor-widget elementor-widget-wgl-double-heading\" data-id=\"4c1de548\" data-element_type=\"widget\" data-e-type=\"widget\" data-widget_type=\"wgl-double-heading.default\">\n\t\t\t\t<div class=\"elementor-widget-container\">\n\t\t\t\t\t<div class=\"wgl-double-heading\"><div class=\"dblh__subtitle\">Storitve<\/div><\/div>\t\t\t\t<\/div>\n\t\t\t\t<\/div>\n\t\t\t\t<div class=\"elementor-element elementor-element-ed58138 elementor-widget elementor-widget-spacer\" data-id=\"ed58138\" data-element_type=\"widget\" data-e-type=\"widget\" data-widget_type=\"spacer.default\">\n\t\t\t\t\t\t\t<div class=\"elementor-spacer\">\n\t\t\t<div class=\"elementor-spacer-inner\"><\/div>\n\t\t<\/div>\n\t\t\t\t\t\t<\/div>\n\t\t\t\t<div class=\"elementor-element elementor-element-bacdaad usluge elementor-widget elementor-widget-wgl-cases\" data-id=\"bacdaad\" data-element_type=\"widget\" data-e-type=\"widget\" data-widget_type=\"wgl-cases.default\">\n\t\t\t\t<div class=\"elementor-widget-container\">\n\t\t\t\t\t<div class=\"wgl-cases\" data-carousel=\"\"><div class=\"case_items elementor-repeater-item-60496d5\"><div class=\"case_items__inner_wrapper\"><a class=\"wgl-cases__link\" href=\"https:\/\/mandinus.hr\/croatia-navigation-fee-online\/\"><\/a><div class=\"image_wrapper\"><div class=\"media-wrapper img-wrapper\"><figure class=\"wgl-image-box_img\"><span ><picture><source srcset=\"https:\/\/mandinus.hr\/wp-content\/webp-express\/webp-images\/uploads\/2023\/11\/permit-vignette-navigation-fee-croatia-kroatien-croazia1-Large1-1440x1080.jpeg.webp\" type=\"image\/webp\"><img decoding=\"async\" src=\"https:\/\/mandinus.hr\/wp-content\/uploads\/2023\/11\/permit-vignette-navigation-fee-croatia-kroatien-croazia1-Large1-1440x1080.jpeg\" alt=\"Permit Vignette Navigation Fee Croatia Kroatien Croazia1 Large[1]\" title=\"Permit Vignette Navigation Fee Croatia Kroatien Croazia1 Large[1]\" loading=\"lazy\" class=\"webpexpress-processed\"><\/picture><\/span><\/figure><\/div><div class=\"media-wrapper icon-wrapper\"><div class=\"wgl-icon\"><i class=\"icon elementor-icon flaticon-plus-sign\" aria-hidden=\"true\"><\/i><\/div><\/div><\/div><div class=\"icon_wrapper\"><div class=\"media-wrapper \"><\/div><\/div><div class=\"case_title__wrapper\"><h3 class=\"case_title\"><span>PLOVNO DOVOLJENJE ONLINE<\/span><\/h3><\/div><div class=\"case_content__wrapper\"><p>Hrva\u0161ka - vinjete za \u010doln ali dovoljenje za plovbo zdaj na voljo na spletu.<\/p>\n<\/div><div class=\"case_button__wrapper\"><div  class=\"wgl-cases__button button-read-more\"><span>Ve\u010d o tem<\/span><i class=\"flaticon flaticon-plus-sign read-more-icon\"><\/i><\/div><\/div><\/div><\/div><div class=\"case_items elementor-repeater-item-30ff6f7\"><div class=\"case_items__inner_wrapper\"><a class=\"wgl-cases__link\" href=\"https:\/\/mandinus.hr\/fishing-license-croatia-online\/\"><\/a><div class=\"image_wrapper\"><div class=\"media-wrapper img-wrapper\"><figure class=\"wgl-image-box_img\"><span ><img decoding=\"async\" src=\"https:\/\/mandinus.hr\/wp-content\/uploads\/2023\/11\/pexels-william-mcallister-3793366-Large-1626x1080.webp\" alt=\"Pexels William Mcallister 3793366 Large\" title=\"Pexels William Mcallister 3793366 Large\" loading=\"lazy\"><\/span><\/figure><\/div><div class=\"media-wrapper icon-wrapper\"><div class=\"wgl-icon\"><i class=\"icon elementor-icon flaticon-plus-sign\" aria-hidden=\"true\"><\/i><\/div><\/div><\/div><div class=\"icon_wrapper\"><div class=\"media-wrapper \"><\/div><\/div><div class=\"case_title__wrapper\"><h3 class=\"case_title\"><span>Hrva\u0161ka ribolovna dovolilnica na spletu<\/span><\/h3><\/div><div class=\"case_content__wrapper\"><p>Ribolov na Hrva\u0161kem je zelo priljubljen in velja za nacionalni \u0161port.<\/p>\n<\/div><div class=\"case_button__wrapper\"><div  class=\"wgl-cases__button button-read-more\"><span>Ve\u010d o tem<\/span><i class=\"flaticon flaticon-plus-sign read-more-icon\"><\/i><\/div><\/div><\/div><\/div><div class=\"case_items elementor-repeater-item-8aeda9b\"><div class=\"case_items__inner_wrapper\"><a class=\"wgl-cases__link\" href=\"https:\/\/mandinus.hr\/individual-diving-authorisation-in-croatia\/\"><\/a><div class=\"image_wrapper\"><div class=\"media-wrapper img-wrapper\"><figure class=\"wgl-image-box_img\"><span ><img decoding=\"async\" src=\"https:\/\/mandinus.hr\/wp-content\/uploads\/2023\/11\/Individual-Diving-Authorisations-in-Croatia-1618x1080.webp\" alt=\"Individual Diving Authorisations In Croatia\" title=\"Individual Diving Authorisations In Croatia\" loading=\"lazy\"><\/span><\/figure><\/div><div class=\"media-wrapper icon-wrapper\"><div class=\"wgl-icon\"><i class=\"icon elementor-icon flaticon-plus-sign\" aria-hidden=\"true\"><\/i><\/div><\/div><\/div><div class=\"icon_wrapper\"><div class=\"media-wrapper \"><\/div><\/div><div class=\"case_title__wrapper\"><h3 class=\"case_title\"><span>Posami\u010dno dovoljenje za potapljanje v Hrva\u0161ki<\/span><\/h3><\/div><div class=\"case_content__wrapper\"><p>Po vereinfikujemo postopek pridobivanja dovoljenja za potapljanje.<\/p>\n<\/div><div class=\"case_button__wrapper\"><div  class=\"wgl-cases__button button-read-more\"><span>Ve\u010d o tem<\/span><i class=\"flaticon flaticon-plus-sign read-more-icon\"><\/i><\/div><\/div><\/div><\/div><\/div>\t\t\t\t<\/div>\n\t\t\t\t<\/div>\n\t\t\t\t\t<\/div>\n\t\t<\/div>\n\t\t\t\t\t<\/div>\n\t\t<\/section>\n\t\t\t\t<\/div>\n\t\t","protected":false},"excerpt":{"rendered":"<p>Navigacijska taksa na Hrva\u0161kem za jahto ali \u010doln (Plovno dovoljenje, Permit, Vinjeta) Pristojbina za varnost plovbe in za\u0161\u010dito morja pred onesna\u017eenjem je polno ime pristojbine, ki jo morate pla\u010dati v lu\u0161ki kapitaniji. Ob pla\u010dilu pristojbine prejmete dokument \/ potrdilo: Potrdilo o pla\u010dilu pristojbin za prijavo jahte ali \u010dolna. Ta dokument, pristojbina je med navtiki znana [&hellip;]<\/p>\n","protected":false},"author":1,"featured_media":0,"parent":0,"menu_order":0,"comment_status":"closed","ping_status":"closed","template":"","meta":{"footnotes":""},"class_list":["post-5908","page","type-page","status-publish","hentry"],"yoast_head":"<!-- This site is optimized with the Yoast SEO Premium plugin v21.7 (Yoast SEO v27.1.1) - https:\/\/yoast.com\/product\/yoast-seo-premium-wordpress\/ -->\n<title>Izra\u010dun cene vinjete za \u010doln na Hrva\u0161kem - Mandinus<\/title>\n<meta name=\"robots\" content=\"index, follow, max-snippet:-1, max-image-preview:large, max-video-preview:-1\" \/>\n<link rel=\"canonical\" href=\"https:\/\/mandinus.hr\/sl\/izracun-cene-vinjete-za-coln-na-hrvaskem\/\" \/>\n<meta property=\"og:locale\" content=\"sl_SI\" \/>\n<meta property=\"og:type\" content=\"article\" \/>\n<meta property=\"og:title\" content=\"Izra\u010dun cene vinjete za \u010doln na Hrva\u0161kem\" \/>\n<meta property=\"og:description\" content=\"Navigacijska taksa na Hrva\u0161kem za jahto ali \u010doln (Plovno dovoljenje, Permit, Vinjeta) Pristojbina za varnost plovbe in za\u0161\u010dito morja pred onesna\u017eenjem je polno ime pristojbine, ki jo morate pla\u010dati v lu\u0161ki kapitaniji. Ob pla\u010dilu pristojbine prejmete dokument \/ potrdilo: Potrdilo o pla\u010dilu pristojbin za prijavo jahte ali \u010dolna. Ta dokument, pristojbina je med navtiki znana [&hellip;]\" \/>\n<meta property=\"og:url\" content=\"https:\/\/mandinus.hr\/calculation-of-yacht-fees-in-croatia\/\" \/>\n<meta property=\"og:site_name\" content=\"Mandinus\" \/>\n<meta property=\"article:publisher\" content=\"https:\/\/www.facebook.com\/groups\/navigareincroazia\" \/>\n<meta property=\"article:modified_time\" content=\"2023-12-07T11:17:24+00:00\" \/>\n<meta property=\"og:image\" content=\"https:\/\/lh3.googleusercontent.com\/a-\/ALV-UjUAGQuPJR2ADK0GDbovHCvC2dImtgSIR7KKL56WtssyNX0=s120-c-rp-mo-br100\" \/>\n<meta name=\"twitter:card\" content=\"summary_large_image\" \/>\n<script type=\"application\/ld+json\" class=\"yoast-schema-graph\">{\"@context\":\"https:\/\/schema.org\",\"@graph\":[{\"@type\":\"WebPage\",\"@id\":\"https:\/\/mandinus.hr\/calculation-of-yacht-fees-in-croatia\/\",\"url\":\"https:\/\/mandinus.hr\/calculation-of-yacht-fees-in-croatia\/\",\"name\":\"Izra\u010dun cene vinjete za \u010doln na Hrva\u0161kem - Mandinus\",\"isPartOf\":{\"@id\":\"https:\/\/mandinus.hr\/#website\"},\"primaryImageOfPage\":{\"@id\":\"https:\/\/mandinus.hr\/calculation-of-yacht-fees-in-croatia\/#primaryimage\"},\"image\":{\"@id\":\"https:\/\/mandinus.hr\/calculation-of-yacht-fees-in-croatia\/#primaryimage\"},\"thumbnailUrl\":\"https:\/\/lh3.googleusercontent.com\/a-\/ALV-UjUAGQuPJR2ADK0GDbovHCvC2dImtgSIR7KKL56WtssyNX0=s120-c-rp-mo-br100\",\"datePublished\":\"2023-11-07T11:35:35+00:00\",\"dateModified\":\"2023-12-07T11:17:24+00:00\",\"breadcrumb\":{\"@id\":\"https:\/\/mandinus.hr\/calculation-of-yacht-fees-in-croatia\/#breadcrumb\"},\"inLanguage\":\"sl-SI\",\"potentialAction\":[{\"@type\":\"ReadAction\",\"target\":[\"https:\/\/mandinus.hr\/calculation-of-yacht-fees-in-croatia\/\"]}]},{\"@type\":\"ImageObject\",\"inLanguage\":\"sl-SI\",\"@id\":\"https:\/\/mandinus.hr\/calculation-of-yacht-fees-in-croatia\/#primaryimage\",\"url\":\"https:\/\/lh3.googleusercontent.com\/a-\/ALV-UjUAGQuPJR2ADK0GDbovHCvC2dImtgSIR7KKL56WtssyNX0=s120-c-rp-mo-br100\",\"contentUrl\":\"https:\/\/lh3.googleusercontent.com\/a-\/ALV-UjUAGQuPJR2ADK0GDbovHCvC2dImtgSIR7KKL56WtssyNX0=s120-c-rp-mo-br100\"},{\"@type\":\"BreadcrumbList\",\"@id\":\"https:\/\/mandinus.hr\/calculation-of-yacht-fees-in-croatia\/#breadcrumb\",\"itemListElement\":[{\"@type\":\"ListItem\",\"position\":1,\"name\":\"Home\",\"item\":\"https:\/\/mandinus.hr\/\"},{\"@type\":\"ListItem\",\"position\":2,\"name\":\"Izra\u010dun cene vinjete za \u010doln na Hrva\u0161kem\"}]},{\"@type\":\"WebSite\",\"@id\":\"https:\/\/mandinus.hr\/#website\",\"url\":\"https:\/\/mandinus.hr\/\",\"name\":\"Mandinus - Yacht Agency & Marine Survey\",\"description\":\"Yacht Agency &amp; Marine Survey\",\"publisher\":{\"@id\":\"https:\/\/mandinus.hr\/#organization\"},\"potentialAction\":[{\"@type\":\"SearchAction\",\"target\":{\"@type\":\"EntryPoint\",\"urlTemplate\":\"https:\/\/mandinus.hr\/?s={search_term_string}\"},\"query-input\":{\"@type\":\"PropertyValueSpecification\",\"valueRequired\":true,\"valueName\":\"search_term_string\"}}],\"inLanguage\":\"sl-SI\"},{\"@type\":\"Organization\",\"@id\":\"https:\/\/mandinus.hr\/#organization\",\"name\":\"Mandinus - Yacht Agency & Marine Survey\",\"url\":\"https:\/\/mandinus.hr\/\",\"logo\":{\"@type\":\"ImageObject\",\"inLanguage\":\"sl-SI\",\"@id\":\"https:\/\/mandinus.hr\/#\/schema\/logo\/image\/\",\"url\":\"https:\/\/mandinus.hr\/wp-content\/uploads\/2023\/10\/mandinus-plavi.webp\",\"contentUrl\":\"https:\/\/mandinus.hr\/wp-content\/uploads\/2023\/10\/mandinus-plavi.webp\",\"width\":1000,\"height\":562,\"caption\":\"Mandinus - Yacht Agency & Marine Survey\"},\"image\":{\"@id\":\"https:\/\/mandinus.hr\/#\/schema\/logo\/image\/\"},\"sameAs\":[\"https:\/\/www.facebook.com\/groups\/navigareincroazia\"]}]}<\/script>\n<!-- \/ Yoast SEO Premium plugin. -->","yoast_head_json":{"title":"Izra\u010dun cene vinjete za \u010doln na Hrva\u0161kem - Mandinus","robots":{"index":"index","follow":"follow","max-snippet":"max-snippet:-1","max-image-preview":"max-image-preview:large","max-video-preview":"max-video-preview:-1"},"canonical":"https:\/\/mandinus.hr\/sl\/izracun-cene-vinjete-za-coln-na-hrvaskem\/","og_locale":"sl_SI","og_type":"article","og_title":"Izra\u010dun cene vinjete za \u010doln na Hrva\u0161kem","og_description":"Navigacijska taksa na Hrva\u0161kem za jahto ali \u010doln (Plovno dovoljenje, Permit, Vinjeta) Pristojbina za varnost plovbe in za\u0161\u010dito morja pred onesna\u017eenjem je polno ime pristojbine, ki jo morate pla\u010dati v lu\u0161ki kapitaniji. Ob pla\u010dilu pristojbine prejmete dokument \/ potrdilo: Potrdilo o pla\u010dilu pristojbin za prijavo jahte ali \u010dolna. Ta dokument, pristojbina je med navtiki znana [&hellip;]","og_url":"https:\/\/mandinus.hr\/calculation-of-yacht-fees-in-croatia\/","og_site_name":"Mandinus","article_publisher":"https:\/\/www.facebook.com\/groups\/navigareincroazia","article_modified_time":"2023-12-07T11:17:24+00:00","og_image":[{"url":"https:\/\/lh3.googleusercontent.com\/a-\/ALV-UjUAGQuPJR2ADK0GDbovHCvC2dImtgSIR7KKL56WtssyNX0=s120-c-rp-mo-br100","type":"","width":"","height":""}],"twitter_card":"summary_large_image","schema":{"@context":"https:\/\/schema.org","@graph":[{"@type":"WebPage","@id":"https:\/\/mandinus.hr\/calculation-of-yacht-fees-in-croatia\/","url":"https:\/\/mandinus.hr\/calculation-of-yacht-fees-in-croatia\/","name":"Izra\u010dun cene vinjete za \u010doln na Hrva\u0161kem - Mandinus","isPartOf":{"@id":"https:\/\/mandinus.hr\/#website"},"primaryImageOfPage":{"@id":"https:\/\/mandinus.hr\/calculation-of-yacht-fees-in-croatia\/#primaryimage"},"image":{"@id":"https:\/\/mandinus.hr\/calculation-of-yacht-fees-in-croatia\/#primaryimage"},"thumbnailUrl":"https:\/\/lh3.googleusercontent.com\/a-\/ALV-UjUAGQuPJR2ADK0GDbovHCvC2dImtgSIR7KKL56WtssyNX0=s120-c-rp-mo-br100","datePublished":"2023-11-07T11:35:35+00:00","dateModified":"2023-12-07T11:17:24+00:00","breadcrumb":{"@id":"https:\/\/mandinus.hr\/calculation-of-yacht-fees-in-croatia\/#breadcrumb"},"inLanguage":"sl-SI","potentialAction":[{"@type":"ReadAction","target":["https:\/\/mandinus.hr\/calculation-of-yacht-fees-in-croatia\/"]}]},{"@type":"ImageObject","inLanguage":"sl-SI","@id":"https:\/\/mandinus.hr\/calculation-of-yacht-fees-in-croatia\/#primaryimage","url":"https:\/\/lh3.googleusercontent.com\/a-\/ALV-UjUAGQuPJR2ADK0GDbovHCvC2dImtgSIR7KKL56WtssyNX0=s120-c-rp-mo-br100","contentUrl":"https:\/\/lh3.googleusercontent.com\/a-\/ALV-UjUAGQuPJR2ADK0GDbovHCvC2dImtgSIR7KKL56WtssyNX0=s120-c-rp-mo-br100"},{"@type":"BreadcrumbList","@id":"https:\/\/mandinus.hr\/calculation-of-yacht-fees-in-croatia\/#breadcrumb","itemListElement":[{"@type":"ListItem","position":1,"name":"Home","item":"https:\/\/mandinus.hr\/"},{"@type":"ListItem","position":2,"name":"Izra\u010dun cene vinjete za \u010doln na Hrva\u0161kem"}]},{"@type":"WebSite","@id":"https:\/\/mandinus.hr\/#website","url":"https:\/\/mandinus.hr\/","name":"Mandinus - Yacht Agency & Marine Survey","description":"Yacht Agency &amp; Marine Survey","publisher":{"@id":"https:\/\/mandinus.hr\/#organization"},"potentialAction":[{"@type":"SearchAction","target":{"@type":"EntryPoint","urlTemplate":"https:\/\/mandinus.hr\/?s={search_term_string}"},"query-input":{"@type":"PropertyValueSpecification","valueRequired":true,"valueName":"search_term_string"}}],"inLanguage":"sl-SI"},{"@type":"Organization","@id":"https:\/\/mandinus.hr\/#organization","name":"Mandinus - Yacht Agency & Marine Survey","url":"https:\/\/mandinus.hr\/","logo":{"@type":"ImageObject","inLanguage":"sl-SI","@id":"https:\/\/mandinus.hr\/#\/schema\/logo\/image\/","url":"https:\/\/mandinus.hr\/wp-content\/uploads\/2023\/10\/mandinus-plavi.webp","contentUrl":"https:\/\/mandinus.hr\/wp-content\/uploads\/2023\/10\/mandinus-plavi.webp","width":1000,"height":562,"caption":"Mandinus - Yacht Agency & Marine Survey"},"image":{"@id":"https:\/\/mandinus.hr\/#\/schema\/logo\/image\/"},"sameAs":["https:\/\/www.facebook.com\/groups\/navigareincroazia"]}]}},"_links":{"self":[{"href":"https:\/\/mandinus.hr\/sl\/wp-json\/wp\/v2\/pages\/5908","targetHints":{"allow":["GET"]}}],"collection":[{"href":"https:\/\/mandinus.hr\/sl\/wp-json\/wp\/v2\/pages"}],"about":[{"href":"https:\/\/mandinus.hr\/sl\/wp-json\/wp\/v2\/types\/page"}],"author":[{"embeddable":true,"href":"https:\/\/mandinus.hr\/sl\/wp-json\/wp\/v2\/users\/1"}],"replies":[{"embeddable":true,"href":"https:\/\/mandinus.hr\/sl\/wp-json\/wp\/v2\/comments?post=5908"}],"version-history":[{"count":0,"href":"https:\/\/mandinus.hr\/sl\/wp-json\/wp\/v2\/pages\/5908\/revisions"}],"wp:attachment":[{"href":"https:\/\/mandinus.hr\/sl\/wp-json\/wp\/v2\/media?parent=5908"}],"curies":[{"name":"wp","href":"https:\/\/api.w.org\/{rel}","templated":true}]}}